{"id":7363,"date":"2022-02-21T14:54:33","date_gmt":"2022-02-21T14:54:33","guid":{"rendered":"https:\/\/bwp.lt\/lt\/?page_id=7363"},"modified":"2022-02-21T14:55:03","modified_gmt":"2022-02-21T14:55:03","slug":"gamyba","status":"publish","type":"page","link":"https:\/\/bwp.lt\/lt\/skydiniai-namai\/gamyba\/","title":{"rendered":"Gamyba"},"content":{"rendered":"<p>[vc_row full_width=&#8221;stretch_row_content_no_spaces&#8221; css=&#8221;.vc_custom_1567705686437{background-color: #f5f5f5 !important;}&#8221;][vc_column][vc_empty_space height=&#8221;30px&#8221;][\/vc_column][\/vc_row][vc_row css=&#8221;.vc_custom_1566926429490{margin-top: 50px !important;}&#8221;][vc_column width=&#8221;5\/12&#8243;][vc_images_carousel img_size=&#8221;500&#215;300&#8243; onclick=&#8221;link_no&#8221; wrap=&#8221;yes&#8221;][\/vc_column][vc_column width=&#8221;7\/12&#8243; css=&#8221;.vc_custom_1566929366426{margin-right: 25px !important;margin-left: 25px !important;}&#8221;][vc_column_text]<\/p>\n<h2 data-fontsize=\"28\" data-lineheight=\"33\"><strong>SKYDINI\u0172 NAM\u0172 GAMYBA<\/strong><\/h2>\n<p>[\/vc_column_text][\/vc_column][\/vc_row][vc_row][vc_column][vc_tta_tabs style=&#8221;flat&#8221; active_section=&#8221;1&#8243;][vc_tta_section title=&#8221;Technin\u0117 informacija&#8221; tab_id=&#8221;1566925363130-50993c1e-7889ac46-827bccda-e7a0&#8243;][vc_column_text]<\/p>\n<div class=\"fusion-table table-1\">\n<table style=\"height: 215px;\" width=\"100%\">\n<tbody>\n<tr>\n<td>Medienos r\u016b\u0161ys:<\/td>\n<td>\u00a0ber\u017eas, \u0105\u017euolas<\/td>\n<\/tr>\n<tr>\n<td>Kokyb\u0117:<\/td>\n<td>A\/B, B\/B, B\/C, A\/B\/C<\/td>\n<\/tr>\n<tr>\n<td>Dr\u0117gnumas:<\/td>\n<td>8-12 %, 14-19 %,\u00a0 20 % ir daugiau<\/td>\n<\/tr>\n<tr>\n<td><\/td>\n<td><\/td>\n<\/tr>\n<\/tbody>\n<\/table>\n<\/div>\n<p>[\/vc_column_text][\/vc_tta_section][vc_tta_section title=&#8221;I\u0161matavimai&#8221; tab_id=&#8221;1566925363161-66ffe0e6-0995ac46-827bccda-e7a0&#8243;][vc_column_text]<\/p>\n<div class=\"fusion-table table-1\">\n<table style=\"height: 215px;\" width=\"100%\">\n<tbody>\n<tr>\n<td>Storis, mm:<\/td>\n<td>20-100<\/td>\n<\/tr>\n<tr>\n<td>Plotis, mm:<\/td>\n<td>50-200<\/td>\n<\/tr>\n<tr>\n<td>Ilgis, mm:<\/td>\n<td>1000 \u2013 6000<\/td>\n<\/tr>\n<tr>\n<td><\/td>\n<td><\/td>\n<\/tr>\n<\/tbody>\n<\/table>\n<\/div>\n<p>[\/vc_column_text][\/vc_tta_section][vc_tta_section title=&#8221;Pristatymas&#8221; tab_id=&#8221;1566925679403-154fdd38-e59aac46-827bccda-e7a0&#8243;][vc_column_text]BWP logistikos specialistai gali pasi\u016blyti \u012fvairius pristatymo b\u016bdus: keli\u0173, j\u016br\u0173 transportu. Galime pristatyti savo gaminius \u012f visus pasaulio ta\u0161kus, atlikti visas reikiamas preki\u0173 muitin\u0117s proced\u016bras ir pristatyti gaminius iki j\u016bs\u0173 \u201cdur\u0173\u201d. Galimos \u012fvairios pristatymo s\u0105lygos: EXW, FCA, DAP, FOB, CIF (Incoterms 2010).<\/p>\n<div class=\"fusion-table table-1\">\n<table style=\"height: 215px;\" width=\"100%\">\n<tbody>\n<tr>\n<td>Pristatymo s\u0105lygos:<\/td>\n<td>EXW, FCA, DAP, FOB, CIF<\/td>\n<\/tr>\n<tr>\n<td>Pristatymo b\u016bdai:<\/td>\n<td>keli\u0173, j\u016br\u0173 transportu<\/td>\n<\/tr>\n<tr>\n<td>\u00a0Minimalus u\u017esakymas:<\/td>\n<td>\u00a0nuo 20 m3<\/td>\n<\/tr>\n<tr>\n<td><\/td>\n<td><\/td>\n<\/tr>\n<\/tbody>\n<\/table>\n<\/div>\n<p>[\/vc_column_text][\/vc_tta_section][\/vc_tta_tabs][\/vc_column][\/vc_row]<\/p>\n","protected":false},"excerpt":{"rendered":"<p>[vc_row full_width=&#8221;stretch_row_content_no_spaces&#8221; css=&#8221;.vc_custom_1567705686437{background-color: #f5f5f5 !important;}&#8221;][vc_column][vc_empty_space height=&#8221;30px&#8221;][\/vc_column][\/vc_row][vc_row css=&#8221;.vc_custom_1566926429490{margin-top: 50px !important;}&#8221;][vc_column width=&#8221;5\/12&#8243;][vc_images_carousel img_size=&#8221;500&#215;300&#8243; onclick=&#8221;link_no&#8221; wrap=&#8221;yes&#8221;][\/vc_column][vc_column width=&#8221;7\/12&#8243; css=&#8221;.vc_custom_1566929366426{margin-right: 25px !important;margin-left: 25px !important;}&#8221;][vc_column_text] SKYDINI\u0172 NAM\u0172 GAMYBA [\/vc_column_text][\/vc_column][\/vc_row][vc_row][vc_column][vc_tta_tabs style=&#8221;flat&#8221; active_section=&#8221;1&#8243;][vc_tta_section title=&#8221;Technin\u0117 informacija&#8221; tab_id=&#8221;1566925363130-50993c1e-7889ac46-827bccda-e7a0&#8243;][vc_column_text] Medienos r\u016b\u0161ys:&#8230;<\/p>\n","protected":false},"author":2,"featured_media":0,"parent":7355,"menu_order":0,"comment_status":"closed","ping_status":"closed","template":"","meta":{"_exactmetrics_skip_tracking":false,"_exactmetrics_sitenote_active":false,"_exactmetrics_sitenote_note":"","_exactmetrics_sitenote_category":0},"_links":{"self":[{"href":"https:\/\/bwp.lt\/lt\/wp-json\/wp\/v2\/pages\/7363"}],"collection":[{"href":"https:\/\/bwp.lt\/lt\/wp-json\/wp\/v2\/pages"}],"about":[{"href":"https:\/\/bwp.lt\/lt\/wp-json\/wp\/v2\/types\/page"}],"author":[{"embeddable":true,"href":"https:\/\/bwp.lt\/lt\/wp-json\/wp\/v2\/users\/2"}],"replies":[{"embeddable":true,"href":"https:\/\/bwp.lt\/lt\/wp-json\/wp\/v2\/comments?post=7363"}],"version-history":[{"count":2,"href":"https:\/\/bwp.lt\/lt\/wp-json\/wp\/v2\/pages\/7363\/revisions"}],"predecessor-version":[{"id":7365,"href":"https:\/\/bwp.lt\/lt\/wp-json\/wp\/v2\/pages\/7363\/revisions\/7365"}],"up":[{"embeddable":true,"href":"https:\/\/bwp.lt\/lt\/wp-json\/wp\/v2\/pages\/7355"}],"wp:attachment":[{"href":"https:\/\/bwp.lt\/lt\/wp-json\/wp\/v2\/media?parent=7363"}],"curies":[{"name":"wp","href":"https:\/\/api.w.org\/{rel}","templated":true}]}}