{"id":7355,"date":"2022-02-21T14:49:10","date_gmt":"2022-02-21T14:49:10","guid":{"rendered":"https:\/\/bwp.lt\/lt\/?page_id=7355"},"modified":"2022-02-21T14:49:54","modified_gmt":"2022-02-21T14:49:54","slug":"skydiniai-namai","status":"publish","type":"page","link":"https:\/\/bwp.lt\/lt\/skydiniai-namai\/","title":{"rendered":"SKYDINIAI NAMAI"},"content":{"rendered":"<p>[vc_row full_width=&#8221;stretch_row_content_no_spaces&#8221; css=&#8221;.vc_custom_1567863144219{margin-bottom: 40px !important;background-color: #f5f5f5 !important;}&#8221;][vc_column][vc_empty_space height=&#8221;30px&#8221;][\/vc_column][\/vc_row][vc_row][vc_column width=&#8221;1\/2&#8243;]<style scoped='scoped'>.mgt-promo-block-470561163.mgt-promo-block.darken .mgt-promo-block-content {background-color: rgba(0,0,0,0.15)!important;}.mgt-promo-block-470561163.mgt-promo-block.animated:hover .mgt-promo-block-content {background-color: rgba(10,10,10,0.35)!important;}<\/style><div class=\"mgt-promo-block-container wpb_content_element\"><div class=\"mgt-promo-block-wrapper  mgt-promo-block-shadow\"><div  class=\" mgt-promo-block animated white-text cover-image darken mgt-promo-block-470561163\" data-style=\"background-color: #f5f5f5;background-image: url(https:\/\/bwp.lt\/wp-content\/uploads\/2017\/02\/9.jpg);background-repeat: no-repeat;height: 425px;\"><div class=\"mgt-promo-block-content va-middle\"><div class=\"mgt-promo-block-content-inside\">\n<h1 style=\"text-align: center;\">Baldinis skydas<\/h1>\n<\/div><\/div><\/div><\/div><\/div>[\/vc_column][vc_column width=&#8221;1\/2&#8243;]<style scoped='scoped'>.mgt-promo-block-2080084339.mgt-promo-block.darken .mgt-promo-block-content {background-color: rgba(0,0,0,0.15)!important;}.mgt-promo-block-2080084339.mgt-promo-block.animated:hover .mgt-promo-block-content {background-color: rgba(0,0,0,0.35)!important;}<\/style><div class=\"mgt-promo-block-container wpb_content_element\"><div class=\"mgt-promo-block-wrapper  mgt-promo-block-shadow\"><div  class=\" mgt-promo-block animated white-text cover-image darken mgt-promo-block-2080084339\" data-style=\"background-color: #f5f5f5;background-image: url(https:\/\/bwp.lt\/wp-content\/uploads\/2017\/02\/Obliuota-111.png);background-repeat: no-repeat;height: 200px;\"><div class=\"mgt-promo-block-content va-middle\"><div class=\"mgt-promo-block-content-inside\">\n<h1 style=\"text-align: center;\">Klijuotas ta\u0161as<\/h1>\n<\/div><\/div><\/div><\/div><\/div>[vc_empty_space height=&#8221;25px&#8221;]<style scoped='scoped'>.mgt-promo-block-684459609.mgt-promo-block.darken .mgt-promo-block-content {background-color: rgba(0,0,0,0.15)!important;}.mgt-promo-block-684459609.mgt-promo-block.animated:hover .mgt-promo-block-content {background-color: rgba(0,0,0,0.35)!important;}<\/style><div class=\"mgt-promo-block-container wpb_content_element\"><div class=\"mgt-promo-block-wrapper  mgt-promo-block-shadow\"><div  class=\" mgt-promo-block animated white-text cover-image darken mgt-promo-block-684459609\" data-style=\"background-color: #f5f5f5;background-image: url(https:\/\/bwp.lt\/wp-content\/uploads\/2017\/02\/products-1.jpg);background-repeat: no-repeat;height: 200px;\"><div class=\"mgt-promo-block-content va-middle\"><div class=\"mgt-promo-block-content-inside\">\n<h1 style=\"text-align: center;\">Trisluoksn\u0117s plok\u0161t\u0117s<\/h1>\n<\/div><\/div><\/div><\/div><\/div>[\/vc_column][\/vc_row][vc_row][vc_column][vc_empty_space height=&#8221;25px&#8221;]<style scoped='scoped'>.mgt-promo-block-4750751271.mgt-promo-block.darken .mgt-promo-block-content {background-color: rgba(0,0,0,0.15)!important;}.mgt-promo-block-4750751271.mgt-promo-block.animated:hover .mgt-promo-block-content {background-color: rgba(0,0,0,0.35)!important;}<\/style><div class=\"mgt-promo-block-container wpb_content_element\"><div class=\"mgt-promo-block-wrapper  mgt-promo-block-shadow\"><div  class=\" mgt-promo-block animated white-text cover-image darken mgt-promo-block-4750751271\" data-style=\"background-color: #f5f5f5;background-image: url(https:\/\/bwp.lt\/wp-content\/uploads\/2017\/02\/KLIJUOTA.png);background-repeat: no-repeat;height: 300px;\"><div class=\"mgt-promo-block-content va-middle\"><div class=\"mgt-promo-block-content-inside\">\n<h1 style=\"text-align: center;\">Klijuotos konstrukcijos<\/h1>\n<\/div><\/div><\/div><\/div><\/div>[\/vc_column][\/vc_row][vc_row][vc_column][\/vc_column][\/vc_row]<\/p>\n","protected":false},"excerpt":{"rendered":"<p>[vc_row full_width=&#8221;stretch_row_content_no_spaces&#8221; css=&#8221;.vc_custom_1567863144219{margin-bottom: 40px !important;background-color: #f5f5f5 !important;}&#8221;][vc_column][vc_empty_space height=&#8221;30px&#8221;][\/vc_column][\/vc_row][vc_row][vc_column width=&#8221;1\/2&#8243;][\/vc_column][vc_column width=&#8221;1\/2&#8243;][vc_empty_space height=&#8221;25px&#8221;][\/vc_column][\/vc_row][vc_row][vc_column][vc_empty_space height=&#8221;25px&#8221;][\/vc_column][\/vc_row][vc_row][vc_column][\/vc_column][\/vc_row]<\/p>\n","protected":false},"author":2,"featured_media":0,"parent":0,"menu_order":0,"comment_status":"closed","ping_status":"closed","template":"","meta":{"_exactmetrics_skip_tracking":false,"_exactmetrics_sitenote_active":false,"_exactmetrics_sitenote_note":"","_exactmetrics_sitenote_category":0},"_links":{"self":[{"href":"https:\/\/bwp.lt\/lt\/wp-json\/wp\/v2\/pages\/7355"}],"collection":[{"href":"https:\/\/bwp.lt\/lt\/wp-json\/wp\/v2\/pages"}],"about":[{"href":"https:\/\/bwp.lt\/lt\/wp-json\/wp\/v2\/types\/page"}],"author":[{"embeddable":true,"href":"https:\/\/bwp.lt\/lt\/wp-json\/wp\/v2\/users\/2"}],"replies":[{"embeddable":true,"href":"https:\/\/bwp.lt\/lt\/wp-json\/wp\/v2\/comments?post=7355"}],"version-history":[{"count":2,"href":"https:\/\/bwp.lt\/lt\/wp-json\/wp\/v2\/pages\/7355\/revisions"}],"predecessor-version":[{"id":7360,"href":"https:\/\/bwp.lt\/lt\/wp-json\/wp\/v2\/pages\/7355\/revisions\/7360"}],"wp:attachment":[{"href":"https:\/\/bwp.lt\/lt\/wp-json\/wp\/v2\/media?parent=7355"}],"curies":[{"name":"wp","href":"https:\/\/api.w.org\/{rel}","templated":true}]}}