{"id":7195,"date":"2021-09-23T14:45:09","date_gmt":"2021-09-23T14:45:09","guid":{"rendered":"https:\/\/bwp.lt\/lt\/?page_id=7195"},"modified":"2021-09-23T14:48:09","modified_gmt":"2021-09-23T14:48:09","slug":"trisluoksne-medzio-plokste","status":"publish","type":"page","link":"https:\/\/bwp.lt\/lt\/interjerui-eksterjerui\/trisluoksne-medzio-plokste\/","title":{"rendered":"Trisluoksn\u0117 med\u017eio plok\u0161t\u0117"},"content":{"rendered":"<p>[vc_row full_width=&#8221;stretch_row_content_no_spaces&#8221; css=&#8221;.vc_custom_1567705686437{background-color: #f5f5f5 !important;}&#8221;][vc_column][vc_empty_space height=&#8221;30px&#8221;][\/vc_column][\/vc_row][vc_row css=&#8221;.vc_custom_1566926429490{margin-top: 50px !important;}&#8221;][vc_column width=&#8221;5\/12&#8243;][vc_images_carousel images=&#8221;7199,7198,7196,7197,5147&#8243; img_size=&#8221;500&#215;300&#8243; onclick=&#8221;link_no&#8221; wrap=&#8221;yes&#8221;][\/vc_column][vc_column width=&#8221;7\/12&#8243; css=&#8221;.vc_custom_1566929366426{margin-right: 25px !important;margin-left: 25px !important;}&#8221;][vc_column_text]<\/p>\n<h2 data-fontsize=\"28\" data-lineheight=\"33\"><strong>Trisluoksn\u0117 med\u017eio masyvo plok\u0161t\u0117<\/strong><\/h2>\n<p>Trisluokn\u0117s med\u017eio masyvo plok\u0161t\u0117s yra pagamintos i\u0161 trij\u0173 sluoksni\u0173: dviej\u0173 lygiagre\u010di\u0173 i\u0161orini\u0173 sluoksni\u0173 ir vidurinio sluoksnio, turin\u010dio statmen\u0105 pluo\u0161to i\u0161d\u0117stym\u0105 i\u0161orini\u0173 sluoksni\u0173 at\u017evilgiu. Kiekvienas sluoksnis yra pagamintas i\u0161 egl\u0117s medienos ir turi savo kokyb\u0117s kategorij\u0105, plok\u0161\u010di\u0173 sluoksni\u0173 storis gali b\u016bti \u012fvairus. Abu plok\u0161t\u0117s pavir\u0161iai yra \u0161lifuoti. Plok\u0161t\u0117 pasi\u017eymi dideliu stiprumu ir stabilumu suspaudimo ir \u012ftempimo metu, tod\u0117l plok\u0161t\u0119 galima naudoti \u012fvairiuose statybos darbuose. Plok\u0161t\u0117 puikiai tinka bet kokio tipo karkasams kaip konstrukcin\u0117 ir apdailos med\u017eiaga. Didelis plok\u0161\u010di\u0173 formatas leid\u017eia rasti nauj\u0173 sprendim\u0173 projektuojant fasadus. Trisluoksn\u0117s plok\u0161t\u0117s yra patogi med\u017eiaga montuojant stogo karnizus, ypa\u010d populiari slidin\u0117jimo vietose statant vasarnam\u012f. \u00a0\u0160is produktas gali b\u016bti naudojamos bet kokiomis oro s\u0105lygomis. Produktas puikiai tinka \u0161iuolaikiniam skandinavi\u0161kui intejerui.[\/vc_column_text][\/vc_column][\/vc_row][vc_row][vc_column][vc_tta_tabs style=&#8221;flat&#8221; active_section=&#8221;1&#8243;][vc_tta_section title=&#8221;Technin\u0117 informacija&#8221; tab_id=&#8221;1566925363130-50993c1e-7889ac46-827b4b90-4148&#8243;][vc_column_text]<\/p>\n<div class=\"fusion-table table-1\">\n<table style=\"height: 215px;\" width=\"100%\">\n<tbody>\n<tr>\n<td>Medienos r\u016b\u0161ys:<\/td>\n<td>egl\u0117, pu\u0161is<\/td>\n<\/tr>\n<tr>\n<td>Kokyb\u0117:<\/td>\n<td>Egl\u0117: \u0410\/B, B\/C+, C\/C+, C\/C Pu\u0161is: A+\/A, A\/A, A\/B, C\/C<\/td>\n<\/tr>\n<tr>\n<td>Dr\u0117gnumas:<\/td>\n<td>8-12 %<\/td>\n<\/tr>\n<tr>\n<td>Lameli\u0173 plotis:<\/td>\n<td>90-195 mm<\/td>\n<\/tr>\n<\/tbody>\n<\/table>\n<\/div>\n<p>[\/vc_column_text][\/vc_tta_section][vc_tta_section title=&#8221;I\u0161matavimai&#8221; tab_id=&#8221;1566925363161-66ffe0e6-0995ac46-827b4b90-4148&#8243;][vc_column_text]<\/p>\n<div class=\"fusion-table table-1\">\n<table style=\"height: 215px;\" width=\"100%\">\n<tbody>\n<tr>\n<td>Storis, mm:<\/td>\n<td>Egl\u0117 \u2013 16, 19, 22, 27, 32, 42, 50, 60, Pu\u0161is \u2013 12, 16, 18, 19, 22, 25<\/td>\n<\/tr>\n<tr>\n<td>Plotis, mm:<\/td>\n<td>Egl\u0117 \u2013 1025, 2050, Pu\u0161is: 2050<\/td>\n<\/tr>\n<tr>\n<td>Ilgis, mm:<\/td>\n<td>Egl\u0117 \u2013 5000, 5050, 6000, Pu\u0161is: 3000<\/td>\n<\/tr>\n<tr>\n<td><\/td>\n<td><\/td>\n<\/tr>\n<\/tbody>\n<\/table>\n<\/div>\n<p>[\/vc_column_text][\/vc_tta_section][vc_tta_section title=&#8221;Pristatymas&#8221; tab_id=&#8221;1566925679403-154fdd38-e59aac46-827b4b90-4148&#8243;][vc_column_text]Galime pasi\u016blyti \u012fvairius pristatymo b\u016bdus: keli\u0173, j\u016br\u0173 transportu. Galime pristatyti savo gaminius \u012f visus pasaulio ta\u0161kus, atlikti visas reikiamas preki\u0173 muitin\u0117s proced\u016bras ir pristatyti gaminius iki j\u016bs\u0173 \u201cdur\u0173\u201d. Galimos \u012fvairios pristatymo s\u0105lygos: EXW, FCA, DAP, FOB, CIF (Incoterms 2010).<\/p>\n<div class=\"fusion-table table-1\">\n<table style=\"height: 215px;\" width=\"100%\">\n<tbody>\n<tr>\n<td>Pristatymo s\u0105lygos:<\/td>\n<td>EXW, FCA, DAP, FOB, CIF<\/td>\n<\/tr>\n<tr>\n<td>Pristatymo b\u016bdai:<\/td>\n<td>keli\u0173, j\u016br\u0173 transportu<\/td>\n<\/tr>\n<tr>\n<td>Minimalus u\u017esakymas:<\/td>\n<td>priklauso nuo esamo kiekio sandelyje<\/td>\n<\/tr>\n<tr>\n<td><\/td>\n<td><\/td>\n<\/tr>\n<\/tbody>\n<\/table>\n<\/div>\n<p>[\/vc_column_text][\/vc_tta_section][\/vc_tta_tabs][\/vc_column][\/vc_row]<\/p>\n","protected":false},"excerpt":{"rendered":"<p>[vc_row full_width=&#8221;stretch_row_content_no_spaces&#8221; css=&#8221;.vc_custom_1567705686437{background-color: #f5f5f5 !important;}&#8221;][vc_column][vc_empty_space height=&#8221;30px&#8221;][\/vc_column][\/vc_row][vc_row css=&#8221;.vc_custom_1566926429490{margin-top: 50px !important;}&#8221;][vc_column width=&#8221;5\/12&#8243;][vc_images_carousel images=&#8221;7199,7198,7196,7197,5147&#8243; img_size=&#8221;500&#215;300&#8243; onclick=&#8221;link_no&#8221; wrap=&#8221;yes&#8221;][\/vc_column][vc_column width=&#8221;7\/12&#8243; css=&#8221;.vc_custom_1566929366426{margin-right: 25px !important;margin-left: 25px !important;}&#8221;][vc_column_text] Trisluoksn\u0117 med\u017eio masyvo plok\u0161t\u0117 Trisluokn\u0117s med\u017eio masyvo plok\u0161t\u0117s yra pagamintos&#8230;<\/p>\n","protected":false},"author":2,"featured_media":0,"parent":4802,"menu_order":0,"comment_status":"closed","ping_status":"closed","template":"","meta":{"_exactmetrics_skip_tracking":false,"_exactmetrics_sitenote_active":false,"_exactmetrics_sitenote_note":"","_exactmetrics_sitenote_category":0},"_links":{"self":[{"href":"https:\/\/bwp.lt\/lt\/wp-json\/wp\/v2\/pages\/7195"}],"collection":[{"href":"https:\/\/bwp.lt\/lt\/wp-json\/wp\/v2\/pages"}],"about":[{"href":"https:\/\/bwp.lt\/lt\/wp-json\/wp\/v2\/types\/page"}],"author":[{"embeddable":true,"href":"https:\/\/bwp.lt\/lt\/wp-json\/wp\/v2\/users\/2"}],"replies":[{"embeddable":true,"href":"https:\/\/bwp.lt\/lt\/wp-json\/wp\/v2\/comments?post=7195"}],"version-history":[{"count":2,"href":"https:\/\/bwp.lt\/lt\/wp-json\/wp\/v2\/pages\/7195\/revisions"}],"predecessor-version":[{"id":7203,"href":"https:\/\/bwp.lt\/lt\/wp-json\/wp\/v2\/pages\/7195\/revisions\/7203"}],"up":[{"embeddable":true,"href":"https:\/\/bwp.lt\/lt\/wp-json\/wp\/v2\/pages\/4802"}],"wp:attachment":[{"href":"https:\/\/bwp.lt\/lt\/wp-json\/wp\/v2\/media?parent=7195"}],"curies":[{"name":"wp","href":"https:\/\/api.w.org\/{rel}","templated":true}]}}