{"id":6928,"date":"2020-05-17T19:51:57","date_gmt":"2020-05-17T19:51:57","guid":{"rendered":"https:\/\/bwp.lt\/lt\/?page_id=6928"},"modified":"2021-09-24T13:23:13","modified_gmt":"2021-09-24T13:23:13","slug":"kryzmai-sluoksniuota-medienos-plokste-clt","status":"publish","type":"page","link":"https:\/\/bwp.lt\/lt\/statyboms\/kryzmai-sluoksniuota-medienos-plokste-clt\/","title":{"rendered":"Kry\u017emai sluoksniuota medienos plok\u0161t\u0117 (CLT)"},"content":{"rendered":"<p>[vc_row full_width=&#8221;stretch_row_content_no_spaces&#8221; css=&#8221;.vc_custom_1567705686437{background-color: #f5f5f5 !important;}&#8221;][vc_column][vc_empty_space height=&#8221;30px&#8221;][\/vc_column][\/vc_row][vc_row css=&#8221;.vc_custom_1566926429490{margin-top: 50px !important;}&#8221;][vc_column width=&#8221;5\/12&#8243;][vc_images_carousel images=&#8221;6929,6930,6931,6932&#8243; img_size=&#8221;500&#215;300&#8243; wrap=&#8221;yes&#8221;][\/vc_column][vc_column width=&#8221;7\/12&#8243; css=&#8221;.vc_custom_1566929366426{margin-right: 25px !important;margin-left: 25px !important;}&#8221;][vc_column_text]<\/p>\n<h2 data-fontsize=\"28\" data-lineheight=\"33\"><strong>Kry\u017emai sluoksniuota medienos plok\u0161t\u0117 (CLT)<\/strong><\/h2>\n<p>Kry\u017emai\u00a0sluoksniuota medienos plok\u0161t\u0117 (CLT) yra tvirtai i\u0161 med\u017eio pagamintas elementas. \u0160is produktas sujungia medienos prana\u0161umus su \u0161iuolaikin\u0117mis technologijos, kuris suteikia galimyb\u0119 greitai ir saugiai statyti \u012fvairius statinius tokius, kaip: gyvenamieji pastatai, komerciniai pastatai (vie\u0161bu\u010diai, biurai, sand\u0117liai), valstybiniai pastatai (mokyklos, vaik\u0173 dar\u017eeliai, slaugos namai ir daug kit\u0173). Statyba i\u0161 CLT plok\u0161\u010di\u0173, tai revoliucija medin\u0117je statyboje. Nepaisant to, kad plok\u0161t\u0117s turi visas ger\u0105sias medienos savybes, bet naujai pritaikyta j\u0173 klijavimo technologija (klijuojant vien\u0105 lameli\u0173 sluoksn\u012f i\u0161ilgai, kit\u0105 sta\u010diai) prakti\u0161kai elminuojama deformacija t.y. labiausiai nepageidaujama med\u017eio kaip statybin\u0117s med\u017eiagos savyb\u0117. Nepaisant to, plok\u0161t\u0117s yra labai dideli\u0173 gabarit\u0173, tai \u017eenkliai pagreitina statyb\u0105 (standartinis individualus namas surenkamas per 2 &#8211; 3 dienas) , minimalus sujungimo si\u016bli\u0173 kiekis garantuoja\u00a0 itin auk\u0161t\u0105 sandarum\u0105, i\u0161vengiama \u0161al\u010dio tilt\u0173. Plok\u0161t\u0117s sertifikuotos CE, ETA sertifikatais.[\/vc_column_text][\/vc_column][\/vc_row][vc_row][vc_column][vc_tta_tabs style=&#8221;flat&#8221; active_section=&#8221;1&#8243;][vc_tta_section title=&#8221;Technin\u0117 informacija&#8221; tab_id=&#8221;1566925363130-50993c1e-7889ac46-827b2e57-91eb&#8221;][vc_column_text]<\/p>\n<div class=\"fusion-table table-1\">\n<table style=\"height: 215px;\" width=\"100%\">\n<tbody>\n<tr>\n<td>Medienos r\u016b\u0161ys:<\/td>\n<td>\u00a0egl\u0117, pu\u0161is<\/td>\n<\/tr>\n<tr>\n<td>Kokyb\u0117:<\/td>\n<td>Industrin\u0117, Industrin\u0117 vizualin\u0117, Vizualin\u0117<\/td>\n<\/tr>\n<tr>\n<td>Dr\u0117gnumas:<\/td>\n<td>12 \u00b1 2%<\/td>\n<\/tr>\n<tr>\n<td>Stiprumo klas\u0117 (lameli\u0173):<\/td>\n<td>C24 pagal EN 338 (atitinka S10 pagal DIN 4074)<\/td>\n<\/tr>\n<\/tbody>\n<\/table>\n<\/div>\n<p>[\/vc_column_text][\/vc_tta_section][vc_tta_section title=&#8221;I\u0161matavimai&#8221; tab_id=&#8221;1566925363161-66ffe0e6-0995ac46-827b2e57-91eb&#8221;][vc_column_text]<\/p>\n<div class=\"fusion-table table-1\">\n<table style=\"height: 215px;\" width=\"100%\">\n<tbody>\n<tr>\n<td>Storis, mm:<\/td>\n<td>60-400<\/td>\n<\/tr>\n<tr>\n<td>Plotis, m:<\/td>\n<td>iki 3,5<\/td>\n<\/tr>\n<tr>\n<td>Ilgis, m:<\/td>\n<td>iki 16<\/td>\n<\/tr>\n<tr>\n<td>Sluoksniai:<\/td>\n<td>nuo 3 iki 8<\/td>\n<\/tr>\n<\/tbody>\n<\/table>\n<\/div>\n<p>[\/vc_column_text][\/vc_tta_section][vc_tta_section title=&#8221;Pristatymas&#8221; tab_id=&#8221;1566925679403-154fdd38-e59aac46-827b2e57-91eb&#8221;][vc_column_text]BWP logistikos specialistai gali pasi\u016blyti \u012fvairius pristatymo b\u016bdus: keli\u0173, j\u016br\u0173 transportu. Galime pristatyti savo gaminius \u012f visus pasaulio ta\u0161kus, atlikti visas reikiamas preki\u0173 muitin\u0117s proced\u016bras ir pristatyti gaminius iki j\u016bs\u0173 \u201cdur\u0173\u201d. Galimos \u012fvairios pristatymo s\u0105lygos: EXW, FCA, DAP, FOB, CIF (Incoterms 2010).<\/p>\n<div class=\"fusion-table table-1\">\n<table style=\"height: 215px;\" width=\"100%\">\n<tbody>\n<tr>\n<td>Pristatymo s\u0105lygos:<\/td>\n<td>EXW, FCA, DAP, FOB, CIF<\/td>\n<\/tr>\n<tr>\n<td>Pristatymo b\u016bdai:<\/td>\n<td>keli\u0173, j\u016br\u0173 transportu<\/td>\n<\/tr>\n<tr>\n<td>\u00a0Minimalus u\u017esakymas:<\/td>\n<td>pagal susitarim\u0105<\/td>\n<\/tr>\n<tr>\n<td><\/td>\n<td><\/td>\n<\/tr>\n<\/tbody>\n<\/table>\n<\/div>\n<p>[\/vc_column_text][\/vc_tta_section][\/vc_tta_tabs][\/vc_column][\/vc_row]<\/p>\n","protected":false},"excerpt":{"rendered":"<p>[vc_row full_width=&#8221;stretch_row_content_no_spaces&#8221; css=&#8221;.vc_custom_1567705686437{background-color: #f5f5f5 !important;}&#8221;][vc_column][vc_empty_space height=&#8221;30px&#8221;][\/vc_column][\/vc_row][vc_row css=&#8221;.vc_custom_1566926429490{margin-top: 50px !important;}&#8221;][vc_column width=&#8221;5\/12&#8243;][vc_images_carousel images=&#8221;6929,6930,6931,6932&#8243; img_size=&#8221;500&#215;300&#8243; wrap=&#8221;yes&#8221;][\/vc_column][vc_column width=&#8221;7\/12&#8243; css=&#8221;.vc_custom_1566929366426{margin-right: 25px !important;margin-left: 25px !important;}&#8221;][vc_column_text] Kry\u017emai sluoksniuota medienos plok\u0161t\u0117 (CLT) Kry\u017emai\u00a0sluoksniuota medienos plok\u0161t\u0117 (CLT) yra tvirtai&#8230;<\/p>\n","protected":false},"author":2,"featured_media":0,"parent":4800,"menu_order":0,"comment_status":"closed","ping_status":"closed","template":"","meta":{"_exactmetrics_skip_tracking":false,"_exactmetrics_sitenote_active":false,"_exactmetrics_sitenote_note":"","_exactmetrics_sitenote_category":0},"_links":{"self":[{"href":"https:\/\/bwp.lt\/lt\/wp-json\/wp\/v2\/pages\/6928"}],"collection":[{"href":"https:\/\/bwp.lt\/lt\/wp-json\/wp\/v2\/pages"}],"about":[{"href":"https:\/\/bwp.lt\/lt\/wp-json\/wp\/v2\/types\/page"}],"author":[{"embeddable":true,"href":"https:\/\/bwp.lt\/lt\/wp-json\/wp\/v2\/users\/2"}],"replies":[{"embeddable":true,"href":"https:\/\/bwp.lt\/lt\/wp-json\/wp\/v2\/comments?post=6928"}],"version-history":[{"count":6,"href":"https:\/\/bwp.lt\/lt\/wp-json\/wp\/v2\/pages\/6928\/revisions"}],"predecessor-version":[{"id":7251,"href":"https:\/\/bwp.lt\/lt\/wp-json\/wp\/v2\/pages\/6928\/revisions\/7251"}],"up":[{"embeddable":true,"href":"https:\/\/bwp.lt\/lt\/wp-json\/wp\/v2\/pages\/4800"}],"wp:attachment":[{"href":"https:\/\/bwp.lt\/lt\/wp-json\/wp\/v2\/media?parent=6928"}],"curies":[{"name":"wp","href":"https:\/\/api.w.org\/{rel}","templated":true}]}}