{"id":6922,"date":"2020-05-17T19:25:21","date_gmt":"2020-05-17T19:25:21","guid":{"rendered":"https:\/\/bwp.lt\/lt\/?page_id=6922"},"modified":"2021-09-23T13:14:14","modified_gmt":"2021-09-23T13:14:14","slug":"dvitejos-sijos","status":"publish","type":"page","link":"https:\/\/bwp.lt\/lt\/statyboms\/dvitejos-sijos\/","title":{"rendered":"Dvit\u0117jos sijos"},"content":{"rendered":"<p>[vc_row full_width=&#8221;stretch_row_content_no_spaces&#8221; css=&#8221;.vc_custom_1567705686437{background-color: #f5f5f5 !important;}&#8221;][vc_column][vc_empty_space height=&#8221;30px&#8221;][\/vc_column][\/vc_row][vc_row css=&#8221;.vc_custom_1566926429490{margin-top: 50px !important;}&#8221;][vc_column width=&#8221;5\/12&#8243;][vc_images_carousel images=&#8221;7165,6924&#8243; img_size=&#8221;500&#215;300&#8243; wrap=&#8221;yes&#8221;][\/vc_column][vc_column width=&#8221;7\/12&#8243; css=&#8221;.vc_custom_1566929366426{margin-right: 25px !important;margin-left: 25px !important;}&#8221;][vc_column_text]<\/p>\n<h2 data-fontsize=\"28\" data-lineheight=\"33\"><strong>Dvit\u0117jos sijos<\/strong><\/h2>\n<p>Si\u016blome dvit\u0117jas\u00a0sijas skirtas grindims, stogams, sienoms. Dvit\u0117jos sijos naudojamos plytini\u0173, betonini\u0173, medini\u0173 bei karkasini\u0173 nam\u0173 statybose ir efektyviai pakei\u010dia grind\u0173 dang\u0105 i\u0161 gel\u017ebetonini\u0173 plok\u0161\u010di\u0173, medienos lent\u0173 bei plienini\u0173 sij\u0173. M\u016bs\u0173 medin\u0117s dvit\u0117jos sijos gaminamos i\u0161 standartin\u0117s OSB-3 plok\u0161t\u0117s (10 mm storio), flan\u0161ai yra pagaminti i\u0161 bruseli\u0173 (38&#215;64 ir 38&#215;89 mm)\u00a0arba LVL medienos. Kiekvien\u0173 dvit\u0117j\u0173 sij\u0173 patvarumas yra tikrinimas ant m\u016bs\u0173 stend\u0173, visos dvit\u0117jos sijos yra auk\u0161to patvarumo. M\u016bs\u0173 gaminamos dvit\u0117jos sijos yra ilgaam\u017e\u0117s ir laiko vis\u0105 pastato tarnavimo laikotarp\u012f. Galime gaminti \u012fvairi\u0173 ilgi\u0173 dvit\u0117jas sijas \u2013 pagal kliento pageidavimus. Vis\u0105 produkcij\u0105 yra sertifikuota CE standartu.[\/vc_column_text][\/vc_column][\/vc_row][vc_row][vc_column][vc_tta_tabs style=&#8221;flat&#8221; active_section=&#8221;1&#8243;][vc_tta_section title=&#8221;Technin\u0117 informacija&#8221; tab_id=&#8221;1566925363130-50993c1e-7889ac46-827be39a-f272&#8243;][vc_column_text]<\/p>\n<div class=\"fusion-table table-1\">\n<table style=\"height: 215px;\" width=\"100%\">\n<tbody>\n<tr>\n<td>Tipai:<\/td>\n<td>\u00a0SK-dvit\u0117jos sijos, SK-W dvit\u0117jos sijos<\/td>\n<\/tr>\n<tr>\n<td>Flangas pagamintos i\u0161:<\/td>\n<td>medini\u0173 bruseli\u0173 arba LVL<\/td>\n<\/tr>\n<tr>\n<td>Sienut\u0117 pagaminta i\u0161:<\/td>\n<td>OSB 3 (10 mm storio)<\/td>\n<\/tr>\n<tr>\n<td><\/td>\n<td><\/td>\n<\/tr>\n<\/tbody>\n<\/table>\n<\/div>\n<p>[\/vc_column_text][\/vc_tta_section][vc_tta_section title=&#8221;I\u0161matavimai&#8221; tab_id=&#8221;1566925363161-66ffe0e6-0995ac46-827be39a-f272&#8243;][vc_column_text]<\/p>\n<div class=\"fusion-table table-1\">\n<table style=\"height: 215px;\" width=\"100%\">\n<tbody>\n<tr>\n<td>Auk\u0161tis, mm:<\/td>\n<td>241, 302, 356, 406, 457<\/td>\n<\/tr>\n<tr>\n<td>Flango matmuo SK, mm:<\/td>\n<td>64\u00a0x 38<\/td>\n<\/tr>\n<tr>\n<td>Flango matmuo SK-W, mm:<\/td>\n<td>89 x 38<\/td>\n<\/tr>\n<tr>\n<td><\/td>\n<td><\/td>\n<\/tr>\n<\/tbody>\n<\/table>\n<\/div>\n<p>[\/vc_column_text][\/vc_tta_section][vc_tta_section title=&#8221;Pristatymas&#8221; tab_id=&#8221;1566925679403-154fdd38-e59aac46-827be39a-f272&#8243;][vc_column_text]BWP logistikos specialistai gali pasi\u016blyti \u012fvairius pristatymo b\u016bdus: keli\u0173, j\u016br\u0173 transportu. Galime pristatyti savo gaminius \u012f visus pasaulio ta\u0161kus, atlikti visas reikiamas preki\u0173 muitin\u0117s proced\u016bras ir pristatyti gaminius iki j\u016bs\u0173 \u201cdur\u0173\u201d. Galimos \u012fvairios pristatymo s\u0105lygos: EXW, FCA, DAP, FOB, CIF (Incoterms 2010).<\/p>\n<div class=\"fusion-table table-1\">\n<table style=\"height: 215px;\" width=\"100%\">\n<tbody>\n<tr>\n<td>Pristatymo s\u0105lygos:<\/td>\n<td>EXW, FCA, DAP, FOB, CIF<\/td>\n<\/tr>\n<tr>\n<td>Pristatymo b\u016bdai:<\/td>\n<td>keli\u0173, j\u016br\u0173 transportu<\/td>\n<\/tr>\n<tr>\n<td>\u00a0Minimalus u\u017esakymas:<\/td>\n<td>\u00a0nuo 1000 m<\/td>\n<\/tr>\n<tr>\n<td><\/td>\n<td><\/td>\n<\/tr>\n<\/tbody>\n<\/table>\n<\/div>\n<p>[\/vc_column_text][\/vc_tta_section][\/vc_tta_tabs][\/vc_column][\/vc_row]<\/p>\n","protected":false},"excerpt":{"rendered":"<p>[vc_row full_width=&#8221;stretch_row_content_no_spaces&#8221; css=&#8221;.vc_custom_1567705686437{background-color: #f5f5f5 !important;}&#8221;][vc_column][vc_empty_space height=&#8221;30px&#8221;][\/vc_column][\/vc_row][vc_row css=&#8221;.vc_custom_1566926429490{margin-top: 50px !important;}&#8221;][vc_column width=&#8221;5\/12&#8243;][vc_images_carousel images=&#8221;7165,6924&#8243; img_size=&#8221;500&#215;300&#8243; wrap=&#8221;yes&#8221;][\/vc_column][vc_column width=&#8221;7\/12&#8243; css=&#8221;.vc_custom_1566929366426{margin-right: 25px !important;margin-left: 25px !important;}&#8221;][vc_column_text] Dvit\u0117jos sijos Si\u016blome dvit\u0117jas\u00a0sijas skirtas grindims, stogams, sienoms. Dvit\u0117jos sijos naudojamos&#8230;<\/p>\n","protected":false},"author":2,"featured_media":0,"parent":4800,"menu_order":0,"comment_status":"closed","ping_status":"closed","template":"","meta":{"_exactmetrics_skip_tracking":false,"_exactmetrics_sitenote_active":false,"_exactmetrics_sitenote_note":"","_exactmetrics_sitenote_category":0},"_links":{"self":[{"href":"https:\/\/bwp.lt\/lt\/wp-json\/wp\/v2\/pages\/6922"}],"collection":[{"href":"https:\/\/bwp.lt\/lt\/wp-json\/wp\/v2\/pages"}],"about":[{"href":"https:\/\/bwp.lt\/lt\/wp-json\/wp\/v2\/types\/page"}],"author":[{"embeddable":true,"href":"https:\/\/bwp.lt\/lt\/wp-json\/wp\/v2\/users\/2"}],"replies":[{"embeddable":true,"href":"https:\/\/bwp.lt\/lt\/wp-json\/wp\/v2\/comments?post=6922"}],"version-history":[{"count":3,"href":"https:\/\/bwp.lt\/lt\/wp-json\/wp\/v2\/pages\/6922\/revisions"}],"predecessor-version":[{"id":7167,"href":"https:\/\/bwp.lt\/lt\/wp-json\/wp\/v2\/pages\/6922\/revisions\/7167"}],"up":[{"embeddable":true,"href":"https:\/\/bwp.lt\/lt\/wp-json\/wp\/v2\/pages\/4800"}],"wp:attachment":[{"href":"https:\/\/bwp.lt\/lt\/wp-json\/wp\/v2\/media?parent=6922"}],"curies":[{"name":"wp","href":"https:\/\/api.w.org\/{rel}","templated":true}]}}