{"id":4953,"date":"2019-09-19T18:11:13","date_gmt":"2019-09-19T18:11:13","guid":{"rendered":"https:\/\/bwp.lt\/?page_id=4953"},"modified":"2020-02-21T13:04:17","modified_gmt":"2020-02-21T13:04:17","slug":"apie-mus","status":"publish","type":"page","link":"https:\/\/bwp.lt\/lt\/apie-mus\/","title":{"rendered":"Apie mus"},"content":{"rendered":"<p>[vc_row full_width=&#8221;stretch_row_content_no_spaces&#8221; css=&#8221;.vc_custom_1567705686437{background-color: #f5f5f5 !important;}&#8221;][vc_column][vc_empty_space height=&#8221;30px&#8221;][\/vc_column][\/vc_row][vc_row full_width=&#8221;stretch_row_content_no_spaces&#8221;][vc_column][vc_single_image image=&#8221;4490&#8243; img_size=&#8221;1950&#215;300&#8243; alignment=&#8221;center&#8221;][\/vc_column][\/vc_row][vc_row css=&#8221;.vc_custom_1568916845916{margin-top: 30px !important;}&#8221;][vc_column][vc_column_text]UAB \u201cBaltgrup\u0117\u201d (BWP) yra Lietuvos kapitalo \u012fmon\u0117, kuri \u012fsik\u016brusi sostin\u0117je Vilniuje. Pagrindin\u0117 \u012fmon\u0117s veikla yra didmenin\u0117 prekyba: pjautine, obliuota, klijuota mediena bei jos gaminiais . Visa m\u016bs\u0173 produkcija yra sertifikuota FSC\u00ae standartu. Esame \u0161iuolaiki\u0161ka bei dinami\u0161ka profesional\u0173 komanda, turinti ai\u0161k\u0173 ilgalaikio vystymosi ir tvaraus augimo plan\u0105 savo vykdomos veiklos grup\u0117se. Laikydami Baltijos \u0161alis ir vakar\u0173 Europ\u0105 savo pagrindine rinka, \u010dia nuosekliai ple\u010diame klient\u0173 ir partneri\u0173 rat\u0105. Pagrindiniai m\u016bs\u0173 \u012fmon\u0117s klientai yra statybos, prekybos, bald\u0173 ir kit\u0173 med\u017eio gamini\u0173 gamybos \u012fmon\u0117s.<\/p>\n<p>M\u016bs\u0173 \u012fmon\u0117je dirba kvalifikuoti specialistai, kurie kasdien r\u016bpinasi preki\u0173 kokyb\u0117s ir sklandaus tiekimo u\u017etikrinimu. M\u016bs\u0173 komandos tikslas partneriams pasi\u016blyti geriausios kainos ir kokyb\u0117s santyk\u012f rinkoje. Prioritet\u0105 teikiame ilgalaikiui bendradarbiavimui, tod\u0117l mokame prisitaikyti prie partneri\u0173\u00a0poreiki\u0173, o i\u0161kilus sunkumams, juos sprend\u017eiame greitai ir efektyviai. Esame \u012fsitikin\u0119, jog ypatingas d\u0117mesys komunikacijai su klientais padeda i\u0161vystyti abipus\u012f pasitik\u0117jim\u0105, be kurio ne\u012fsivaizduojame stabili\u0173 darbo santyki\u0173.[\/vc_column_text][\/vc_column][\/vc_row]<\/p>\n","protected":false},"excerpt":{"rendered":"<p>[vc_row full_width=&#8221;stretch_row_content_no_spaces&#8221; css=&#8221;.vc_custom_1567705686437{background-color: #f5f5f5 !important;}&#8221;][vc_column][vc_empty_space height=&#8221;30px&#8221;][\/vc_column][\/vc_row][vc_row full_width=&#8221;stretch_row_content_no_spaces&#8221;][vc_column][vc_single_image image=&#8221;4490&#8243; img_size=&#8221;1950&#215;300&#8243; alignment=&#8221;center&#8221;][\/vc_column][\/vc_row][vc_row css=&#8221;.vc_custom_1568916845916{margin-top: 30px !important;}&#8221;][vc_column][vc_column_text]UAB \u201cBaltgrup\u0117\u201d (BWP) yra Lietuvos kapitalo \u012fmon\u0117, kuri \u012fsik\u016brusi sostin\u0117je Vilniuje. Pagrindin\u0117 \u012fmon\u0117s veikla yra didmenin\u0117 prekyba: pjautine,&#8230;<\/p>\n","protected":false},"author":1,"featured_media":0,"parent":0,"menu_order":0,"comment_status":"closed","ping_status":"closed","template":"","meta":{"_exactmetrics_skip_tracking":false,"_exactmetrics_sitenote_active":false,"_exactmetrics_sitenote_note":"","_exactmetrics_sitenote_category":0},"_links":{"self":[{"href":"https:\/\/bwp.lt\/lt\/wp-json\/wp\/v2\/pages\/4953"}],"collection":[{"href":"https:\/\/bwp.lt\/lt\/wp-json\/wp\/v2\/pages"}],"about":[{"href":"https:\/\/bwp.lt\/lt\/wp-json\/wp\/v2\/types\/page"}],"author":[{"embeddable":true,"href":"https:\/\/bwp.lt\/lt\/wp-json\/wp\/v2\/users\/1"}],"replies":[{"embeddable":true,"href":"https:\/\/bwp.lt\/lt\/wp-json\/wp\/v2\/comments?post=4953"}],"version-history":[{"count":13,"href":"https:\/\/bwp.lt\/lt\/wp-json\/wp\/v2\/pages\/4953\/revisions"}],"predecessor-version":[{"id":5658,"href":"https:\/\/bwp.lt\/lt\/wp-json\/wp\/v2\/pages\/4953\/revisions\/5658"}],"wp:attachment":[{"href":"https:\/\/bwp.lt\/lt\/wp-json\/wp\/v2\/media?parent=4953"}],"curies":[{"name":"wp","href":"https:\/\/api.w.org\/{rel}","templated":true}]}}