{"id":4843,"date":"2019-09-05T20:45:05","date_gmt":"2019-09-05T20:45:05","guid":{"rendered":"https:\/\/bwp.lt\/?page_id=4843"},"modified":"2021-09-23T11:02:50","modified_gmt":"2021-09-23T11:02:50","slug":"klijuotos-sijos-duo-trio","status":"publish","type":"page","link":"https:\/\/bwp.lt\/lt\/statyboms\/klijuotos-sijos-duo-trio\/","title":{"rendered":"Klijuotos sijos DUO\/TRIO"},"content":{"rendered":"<p>[vc_row full_width=&#8221;stretch_row_content_no_spaces&#8221; css=&#8221;.vc_custom_1567705686437{background-color: #f5f5f5 !important;}&#8221;][vc_column][vc_empty_space height=&#8221;30px&#8221;][\/vc_column][\/vc_row][vc_row css=&#8221;.vc_custom_1566926429490{margin-top: 50px !important;}&#8221;][vc_column width=&#8221;5\/12&#8243;][vc_images_carousel images=&#8221;7157,7158&#8243; img_size=&#8221;456&#215;300&#8243; onclick=&#8221;link_no&#8221; wrap=&#8221;yes&#8221;][\/vc_column][vc_column width=&#8221;7\/12&#8243; css=&#8221;.vc_custom_1566929366426{margin-right: 25px !important;margin-left: 25px !important;}&#8221;][vc_column_text]<\/p>\n<h2 data-fontsize=\"28\" data-lineheight=\"33\"><strong>Klijuotos sijos DUO\/TRIO<\/strong><\/h2>\n<p>Klijuotos sijos DUO\/TRIO klijuojamos i\u0161 dviej\u0173 ar trij\u0173 medienos lameli\u0173. U\u017etikrina optimal\u0173 matmen\u0173 stabilum\u0105 kur keliami grie\u017eti projektavimo reikalavimai. Ma\u017eas klijavimo\u00a0viet\u0173 skai\u010dius padeda i\u0161laikyti med\u017eio masyvo vientisum\u0105. DUO\/TRIO sijas taip pat yra lengva apdirbti, kaip ir med\u017eio masyv\u0105. Ypatingi privalumai: auk\u0161\u010diausios klas\u0117s, atsparus\u00a0pavir\u0161iaus \u012ftr\u016bkimams\u00a0ir u\u017etikrinantis tiksl\u0173\u00a0montavim\u0105\u00a0bei matmen\u0173 stabilum\u0105. Kadangi \u0161ios sijos yra\u00a0puikiai\u00a0i\u0161d\u017eiovintos\u00a0nebereikia jas apdoroti chemin\u0117mis premon\u0117mis.[\/vc_column_text][\/vc_column][\/vc_row][vc_row][vc_column][vc_tta_tabs style=&#8221;flat&#8221; active_section=&#8221;1&#8243;][vc_tta_section title=&#8221;Technin\u0117 informacija&#8221; tab_id=&#8221;1566925363130-50993c1e-788911bd-b7ed&#8221;][vc_column_text]<\/p>\n<div class=\"fusion-table table-1\">\n<table style=\"height: 215px;\" width=\"100%\">\n<tbody>\n<tr>\n<td>Medienos r\u016b\u0161ys:<\/td>\n<td>egl\u0117, pu\u0161is, sibiro maumedis<\/td>\n<\/tr>\n<tr>\n<td>Kokyb\u0117:<\/td>\n<td>vizualin\u0117, industrin\u0117<\/td>\n<\/tr>\n<tr>\n<td>Dr\u0117gnumas:<\/td>\n<td>12 % \u00b1 2 %<\/td>\n<\/tr>\n<tr>\n<td>Stiprumo klas\u0117:<\/td>\n<td>C16, C24, C28<\/td>\n<\/tr>\n<\/tbody>\n<\/table>\n<\/div>\n<p>[\/vc_column_text][\/vc_tta_section][vc_tta_section title=&#8221;I\u0161matavimai&#8221; tab_id=&#8221;1566925363161-66ffe0e6-099511bd-b7ed&#8221;][vc_column_text]<\/p>\n<div class=\"fusion-table table-1\">\n<table style=\"height: 215px;\" width=\"100%\">\n<tbody>\n<tr>\n<td>Auk\u0161tis, mm:<\/td>\n<td>140-215<\/td>\n<\/tr>\n<tr>\n<td>Plotis, mm:<\/td>\n<td>80-160<\/td>\n<\/tr>\n<tr>\n<td>Ilgis, mm:<\/td>\n<td>iki 13 000<\/td>\n<\/tr>\n<tr>\n<td><\/td>\n<td><\/td>\n<\/tr>\n<\/tbody>\n<\/table>\n<\/div>\n<p>[\/vc_column_text][\/vc_tta_section][vc_tta_section title=&#8221;Pristatymas&#8221; tab_id=&#8221;1566925679403-154fdd38-e59a11bd-b7ed&#8221;][vc_column_text]Galime pasi\u016blyti \u012fvairius pristatymo b\u016bdus: keli\u0173, j\u016br\u0173 transportu. Galime pristatyti savo gaminius \u012f visus pasaulio ta\u0161kus, atlikti visas reikiamas preki\u0173 muitin\u0117s proced\u016bras ir pristatyti gaminius iki j\u016bs\u0173 \u201cdur\u0173\u201d. Galimos \u012fvairios pristatymo s\u0105lygos pagal Incoterms 2010.<\/p>\n<div class=\"fusion-table table-1\">\n<table style=\"height: 215px;\" width=\"100%\">\n<tbody>\n<tr>\n<td>Pristatymo s\u0105lygos:<\/td>\n<td>EXW, FCA, DAP, FOB, CIF<\/td>\n<\/tr>\n<tr>\n<td>Pristatymo b\u016bdai:<\/td>\n<td>keli\u0173, j\u016br\u0173 transportu<\/td>\n<\/tr>\n<tr>\n<td>\u00a0Minimalus u\u017esakymas:<\/td>\n<td>\u00a0nuo\u00a015 m3<\/td>\n<\/tr>\n<tr>\n<td><\/td>\n<td><\/td>\n<\/tr>\n<\/tbody>\n<\/table>\n<\/div>\n<p>[\/vc_column_text][\/vc_tta_section][\/vc_tta_tabs][\/vc_column][\/vc_row]<\/p>\n","protected":false},"excerpt":{"rendered":"<p>[vc_row full_width=&#8221;stretch_row_content_no_spaces&#8221; css=&#8221;.vc_custom_1567705686437{background-color: #f5f5f5 !important;}&#8221;][vc_column][vc_empty_space height=&#8221;30px&#8221;][\/vc_column][\/vc_row][vc_row css=&#8221;.vc_custom_1566926429490{margin-top: 50px !important;}&#8221;][vc_column width=&#8221;5\/12&#8243;][vc_images_carousel images=&#8221;7157,7158&#8243; img_size=&#8221;456&#215;300&#8243; onclick=&#8221;link_no&#8221; wrap=&#8221;yes&#8221;][\/vc_column][vc_column width=&#8221;7\/12&#8243; css=&#8221;.vc_custom_1566929366426{margin-right: 25px !important;margin-left: 25px !important;}&#8221;][vc_column_text] Klijuotos sijos DUO\/TRIO Klijuotos sijos DUO\/TRIO klijuojamos i\u0161 dviej\u0173 ar&#8230;<\/p>\n","protected":false},"author":2,"featured_media":0,"parent":4800,"menu_order":0,"comment_status":"closed","ping_status":"closed","template":"","meta":{"_exactmetrics_skip_tracking":false,"_exactmetrics_sitenote_active":false,"_exactmetrics_sitenote_note":"","_exactmetrics_sitenote_category":0},"_links":{"self":[{"href":"https:\/\/bwp.lt\/lt\/wp-json\/wp\/v2\/pages\/4843"}],"collection":[{"href":"https:\/\/bwp.lt\/lt\/wp-json\/wp\/v2\/pages"}],"about":[{"href":"https:\/\/bwp.lt\/lt\/wp-json\/wp\/v2\/types\/page"}],"author":[{"embeddable":true,"href":"https:\/\/bwp.lt\/lt\/wp-json\/wp\/v2\/users\/2"}],"replies":[{"embeddable":true,"href":"https:\/\/bwp.lt\/lt\/wp-json\/wp\/v2\/comments?post=4843"}],"version-history":[{"count":7,"href":"https:\/\/bwp.lt\/lt\/wp-json\/wp\/v2\/pages\/4843\/revisions"}],"predecessor-version":[{"id":7159,"href":"https:\/\/bwp.lt\/lt\/wp-json\/wp\/v2\/pages\/4843\/revisions\/7159"}],"up":[{"embeddable":true,"href":"https:\/\/bwp.lt\/lt\/wp-json\/wp\/v2\/pages\/4800"}],"wp:attachment":[{"href":"https:\/\/bwp.lt\/lt\/wp-json\/wp\/v2\/media?parent=4843"}],"curies":[{"name":"wp","href":"https:\/\/api.w.org\/{rel}","templated":true}]}}