{"id":4841,"date":"2019-09-05T20:44:20","date_gmt":"2019-09-05T20:44:20","guid":{"rendered":"https:\/\/bwp.lt\/?page_id=4841"},"modified":"2021-09-23T13:27:22","modified_gmt":"2021-09-23T13:27:22","slug":"osb","status":"publish","type":"page","link":"https:\/\/bwp.lt\/lt\/statyboms\/osb\/","title":{"rendered":"OSB"},"content":{"rendered":"<p>[vc_row full_width=&#8221;stretch_row_content_no_spaces&#8221; css=&#8221;.vc_custom_1567705686437{background-color: #f5f5f5 !important;}&#8221;][vc_column][vc_empty_space height=&#8221;30px&#8221;][\/vc_column][\/vc_row][vc_row css=&#8221;.vc_custom_1566926429490{margin-top: 50px !important;}&#8221;][vc_column width=&#8221;5\/12&#8243;][vc_images_carousel images=&#8221;7168,7169,7170&#8243; img_size=&#8221;456&#215;300&#8243; onclick=&#8221;link_no&#8221; wrap=&#8221;yes&#8221;][\/vc_column][vc_column width=&#8221;7\/12&#8243; css=&#8221;.vc_custom_1566929366426{margin-right: 25px !important;margin-left: 25px !important;}&#8221;][vc_column_text]<\/p>\n<h2 data-fontsize=\"28\" data-lineheight=\"33\"><strong>OSB\u00a0<\/strong><\/h2>\n<p>OSB plok\u0161t\u0117 tai trij\u0173 sluoksni\u0173 skirtingai orientuot\u0173 pu\u0161ini\u0173 skiedr\u0173 plok\u0161t\u0117s. Jos gaminamos i\u0161 nat\u016bralios medienos bei atsparaus vandeniui ir kar\u0161\u010diui dervinio ri\u0161iklio.\u00a0 OSB savyb\u0117s leid\u017eia Jums statyti \u0161iuolaikini\u0173 medini\u0173 konstrukcij\u0173 namus dirbant \u012fprastais standartiniais \u012frankiais.\u00a0OSB plok\u0161t\u0117s turi nema\u017eai prana\u0161um\u0173: j\u0173 pavir\u0161ius strukt\u016bri\u0161kai tolygus, be \u0161ak\u0173,\u00a0 galite rinktis jums reikalingo storio ir matmen\u0173 plok\u0161t\u0119,\u00a0 perd\u017ei\u016bv\u0119s plok\u0161t\u0117s pavir\u0161ius nesuplei\u0161\u0117s\u00a0 kaip fanera arba nat\u016brali mediena ir tokio paties ploto OSB plok\u0161t\u0117 yra pigesn\u0117 negu fanera.\u00a0OSB plok\u0161tes lengvai pjaustysite, gr\u0119\u0161ite, lyginsite, \u0161lifuosite ir poliruosite, nesunkiai kalsite \u012f jas vinis. J\u016bs\u0173 darbui tiks \u012fprasti staliaus \u012frankiai, nors ilgiau dirbant su plok\u0161t\u0117mis rekomenduojame naudoti \u012frankius su kiet\u0173j\u0173 lydini\u0173 a\u0161menimis.[\/vc_column_text][\/vc_column][\/vc_row][vc_row][vc_column][vc_tta_tabs style=&#8221;flat&#8221; active_section=&#8221;1&#8243;][vc_tta_section title=&#8221;Technin\u0117 informacija&#8221; tab_id=&#8221;1566925363130-50993c1e-78891c62-3138&#8243;][vc_column_text]<\/p>\n<div class=\"fusion-table table-1\">\n<table style=\"height: 215px;\" width=\"100%\">\n<tbody>\n<tr>\n<td>Tipai:<\/td>\n<td>OSB-3, OSB-4<\/td>\n<\/tr>\n<tr>\n<td>Emisijos klas\u0117:<\/td>\n<td>E-0,5<\/td>\n<\/tr>\n<tr>\n<td><\/td>\n<td><\/td>\n<\/tr>\n<tr>\n<td><\/td>\n<td><\/td>\n<\/tr>\n<\/tbody>\n<\/table>\n<\/div>\n<p>[\/vc_column_text][\/vc_tta_section][vc_tta_section title=&#8221;I\u0161matavimai&#8221; tab_id=&#8221;1566925363161-66ffe0e6-09951c62-3138&#8243;][vc_column_text]<\/p>\n<div class=\"fusion-table table-1\">\n<table style=\"height: 215px;\" width=\"100%\">\n<tbody>\n<tr>\n<td>Storis, mm:<\/td>\n<td>6, 8, 9, 10, 11, 12, 15, 18, 22<\/td>\n<\/tr>\n<tr>\n<td>Galimi formatai, mm:<\/td>\n<td>2500\u00d71250, 2440\u00d71220<\/td>\n<\/tr>\n<tr>\n<td><\/td>\n<td><\/td>\n<\/tr>\n<tr>\n<td><\/td>\n<td><\/td>\n<\/tr>\n<\/tbody>\n<\/table>\n<\/div>\n<p>[\/vc_column_text][\/vc_tta_section][vc_tta_section title=&#8221;Pristatymas&#8221; tab_id=&#8221;1566925679403-154fdd38-e59a1c62-3138&#8243;][vc_column_text]Galime pasi\u016blyti \u012fvairius pristatymo b\u016bdus: keli\u0173, j\u016br\u0173 transportu. Galime pristatyti savo gaminius \u012f visus pasaulio ta\u0161kus, atlikti visas reikiamas preki\u0173 muitin\u0117s proced\u016bras ir pristatyti gaminius iki j\u016bs\u0173 \u201cdur\u0173\u201d. Galimos \u012fvairios pristatymo s\u0105lygos Incoterms 2010.<\/p>\n<div class=\"fusion-table table-1\">\n<table style=\"height: 215px;\" width=\"100%\">\n<tbody>\n<tr>\n<td>Pristatymo s\u0105lygos:<\/td>\n<td>EXW, FCA, DAP, FOB, CIF<\/td>\n<\/tr>\n<tr>\n<td>Pristatymo b\u016bdai:<\/td>\n<td>keli\u0173, j\u016br\u0173 transportu<\/td>\n<\/tr>\n<tr>\n<td>\u00a0Minimalus u\u017esakymas:<\/td>\n<td>\u00a0nuo\u00a030 m3<\/td>\n<\/tr>\n<tr>\n<td><\/td>\n<td><\/td>\n<\/tr>\n<\/tbody>\n<\/table>\n<\/div>\n<p>[\/vc_column_text][\/vc_tta_section][\/vc_tta_tabs][\/vc_column][\/vc_row]<\/p>\n","protected":false},"excerpt":{"rendered":"<p>[vc_row full_width=&#8221;stretch_row_content_no_spaces&#8221; css=&#8221;.vc_custom_1567705686437{background-color: #f5f5f5 !important;}&#8221;][vc_column][vc_empty_space height=&#8221;30px&#8221;][\/vc_column][\/vc_row][vc_row css=&#8221;.vc_custom_1566926429490{margin-top: 50px !important;}&#8221;][vc_column width=&#8221;5\/12&#8243;][vc_images_carousel images=&#8221;7168,7169,7170&#8243; img_size=&#8221;456&#215;300&#8243; onclick=&#8221;link_no&#8221; wrap=&#8221;yes&#8221;][\/vc_column][vc_column width=&#8221;7\/12&#8243; css=&#8221;.vc_custom_1566929366426{margin-right: 25px !important;margin-left: 25px !important;}&#8221;][vc_column_text] OSB\u00a0 OSB plok\u0161t\u0117 tai trij\u0173 sluoksni\u0173 skirtingai orientuot\u0173 pu\u0161ini\u0173 skiedr\u0173&#8230;<\/p>\n","protected":false},"author":2,"featured_media":0,"parent":4800,"menu_order":0,"comment_status":"closed","ping_status":"closed","template":"","meta":{"_exactmetrics_skip_tracking":false,"_exactmetrics_sitenote_active":false,"_exactmetrics_sitenote_note":"","_exactmetrics_sitenote_category":0},"_links":{"self":[{"href":"https:\/\/bwp.lt\/lt\/wp-json\/wp\/v2\/pages\/4841"}],"collection":[{"href":"https:\/\/bwp.lt\/lt\/wp-json\/wp\/v2\/pages"}],"about":[{"href":"https:\/\/bwp.lt\/lt\/wp-json\/wp\/v2\/types\/page"}],"author":[{"embeddable":true,"href":"https:\/\/bwp.lt\/lt\/wp-json\/wp\/v2\/users\/2"}],"replies":[{"embeddable":true,"href":"https:\/\/bwp.lt\/lt\/wp-json\/wp\/v2\/comments?post=4841"}],"version-history":[{"count":6,"href":"https:\/\/bwp.lt\/lt\/wp-json\/wp\/v2\/pages\/4841\/revisions"}],"predecessor-version":[{"id":7171,"href":"https:\/\/bwp.lt\/lt\/wp-json\/wp\/v2\/pages\/4841\/revisions\/7171"}],"up":[{"embeddable":true,"href":"https:\/\/bwp.lt\/lt\/wp-json\/wp\/v2\/pages\/4800"}],"wp:attachment":[{"href":"https:\/\/bwp.lt\/lt\/wp-json\/wp\/v2\/media?parent=4841"}],"curies":[{"name":"wp","href":"https:\/\/api.w.org\/{rel}","templated":true}]}}