{"id":4839,"date":"2019-09-05T20:43:52","date_gmt":"2019-09-05T20:43:52","guid":{"rendered":"https:\/\/bwp.lt\/?page_id=4839"},"modified":"2021-09-23T14:26:38","modified_gmt":"2021-09-23T14:26:38","slug":"slifuota-mdf","status":"publish","type":"page","link":"https:\/\/bwp.lt\/lt\/baldams\/slifuota-mdf\/","title":{"rendered":"MDF\/HDF"},"content":{"rendered":"<p>[vc_row full_width=&#8221;stretch_row_content_no_spaces&#8221; css=&#8221;.vc_custom_1567705686437{background-color: #f5f5f5 !important;}&#8221;][vc_column][vc_empty_space height=&#8221;30px&#8221;][\/vc_column][\/vc_row][vc_row css=&#8221;.vc_custom_1566926429490{margin-top: 50px !important;}&#8221;][vc_column width=&#8221;5\/12&#8243;][vc_images_carousel images=&#8221;7190,7191,5129,5130&#8243; img_size=&#8221;456&#215;300&#8243; onclick=&#8221;link_no&#8221; wrap=&#8221;yes&#8221;][\/vc_column][vc_column width=&#8221;7\/12&#8243; css=&#8221;.vc_custom_1566929366426{margin-right: 25px !important;margin-left: 25px !important;}&#8221;][vc_column_text]<\/p>\n<h2 data-fontsize=\"28\" data-lineheight=\"33\"><strong>MDF\/HDF\u00a0<\/strong><\/h2>\n<p>MDF \/ HDF plok\u0161t\u0117s &#8211; med\u017eiaga, turinti universalias technines charakteristikas (tvirtum\u0105, termo &#8211; atsparum\u0105 dr\u0117gmei). Med\u017eiaga n\u0117ra jautri grybeliui ir pel\u0117siui. M\u016bs\u0173 si\u016bloma MDF \/ HDF plok\u0161t\u0117 yra kokybi\u0161ka alternatyva nat\u016braliai medienai, bald\u0173 ir dur\u0173 pramon\u0117je. D\u0117l auk\u0161tos produkcijos kokyb\u0117s ir saugi\u0173 \u017ealiav\u0173 naudojimo MDF\/HDF su E1, E0.5 emisijos klas\u0117mis panaudojama \u012fvairiose srityse: architekt\u016brin\u0117se formose, interjere, dur\u0173 ir bald\u0173 gamyboje ir kitur. MDF privalumai: ilgas tarnavimo laikas, homogenin\u0117 strukt\u016bra, lengvai apdirbama (pjovimas, frezavimas), gera garso izoliacija, galimyb\u0117 naudoti \u012fvairius apdirbimo b\u016bdus (da\u017eymas, lakavimas, laminavimas ir kita), higieni\u0161ka, patraukli kaina. Plok\u0161t\u0117 gaminama pagal sausu presavimo metod\u0105, pluo\u0161tas presuojamas auk\u0161tame sl\u0117gyje ir temperat\u016broje.\u00a0Melaminu modifikuotos karbamido dervos naudojamos kaip ri\u0161iklis.[\/vc_column_text][\/vc_column][\/vc_row][vc_row][vc_column][vc_tta_tabs style=&#8221;flat&#8221; active_section=&#8221;1&#8243;][vc_tta_section title=&#8221;Technin\u0117 informacija&#8221; tab_id=&#8221;1566925363130-50993c1e-788934e9-bd79&#8243;][vc_column_text]<\/p>\n<div class=\"fusion-table table-1\">\n<table style=\"height: 215px;\" width=\"100%\">\n<tbody>\n<tr>\n<td>Tipai:<\/td>\n<td>Dr\u0117gmei atspari MDF, Laminuota MDF i\u0161 1\/2 pusi\u0173, MDF \u0161lifuota, HDF plok\u0161t\u0117<\/td>\n<\/tr>\n<tr>\n<td>Storis, mm:<\/td>\n<td>3, 4, 5, 6, 8, 10, 12, 16, 18, 19, 22, 25, 28, 30, 38<\/td>\n<\/tr>\n<tr>\n<td>Galimi formatai, mm:<\/td>\n<td>2800\u00d72070, 2440\u00d71220<\/td>\n<\/tr>\n<tr>\n<td><\/td>\n<td><\/td>\n<\/tr>\n<\/tbody>\n<\/table>\n<\/div>\n<p>[\/vc_column_text][\/vc_tta_section][vc_tta_section title=&#8221;Pristatymas&#8221; tab_id=&#8221;1566925679403-154fdd38-e59a34e9-bd79&#8243;][vc_column_text]Galime pasi\u016blyti \u012fvairius pristatymo b\u016bdus: keli\u0173, j\u016br\u0173 transportu. Galime pristatyti savo gaminius \u012f visus pasaulio ta\u0161kus, atlikti visas reikiamas preki\u0173 muitin\u0117s proced\u016bras ir pristatyti gaminius iki j\u016bs\u0173 \u201cdur\u0173\u201d. Galimos \u012fvairios pristatymo s\u0105lygos pagal Incoterms 2010.<\/p>\n<div class=\"fusion-table table-1\">\n<table style=\"height: 215px;\" width=\"100%\">\n<tbody>\n<tr>\n<td>Pristatymo s\u0105lygos:<\/td>\n<td>EXW, FCA, DAP, FOB, CIF<\/td>\n<\/tr>\n<tr>\n<td>Pristatymo b\u016bdai:<\/td>\n<td>keli\u0173, j\u016br\u0173 transportu<\/td>\n<\/tr>\n<tr>\n<td>\u00a0Minimalus u\u017esakymas:<\/td>\n<td>\u00a0nuo 9000 m2<\/td>\n<\/tr>\n<tr>\n<td><\/td>\n<td><\/td>\n<\/tr>\n<\/tbody>\n<\/table>\n<\/div>\n<p>[\/vc_column_text][\/vc_tta_section][\/vc_tta_tabs][\/vc_column][\/vc_row]<\/p>\n","protected":false},"excerpt":{"rendered":"<p>[vc_row full_width=&#8221;stretch_row_content_no_spaces&#8221; css=&#8221;.vc_custom_1567705686437{background-color: #f5f5f5 !important;}&#8221;][vc_column][vc_empty_space height=&#8221;30px&#8221;][\/vc_column][\/vc_row][vc_row css=&#8221;.vc_custom_1566926429490{margin-top: 50px !important;}&#8221;][vc_column width=&#8221;5\/12&#8243;][vc_images_carousel images=&#8221;7190,7191,5129,5130&#8243; img_size=&#8221;456&#215;300&#8243; onclick=&#8221;link_no&#8221; wrap=&#8221;yes&#8221;][\/vc_column][vc_column width=&#8221;7\/12&#8243; css=&#8221;.vc_custom_1566929366426{margin-right: 25px !important;margin-left: 25px !important;}&#8221;][vc_column_text] MDF\/HDF\u00a0 MDF \/ HDF plok\u0161t\u0117s &#8211; med\u017eiaga, turinti universalias technines&#8230;<\/p>\n","protected":false},"author":2,"featured_media":0,"parent":4804,"menu_order":0,"comment_status":"closed","ping_status":"closed","template":"","meta":{"_exactmetrics_skip_tracking":false,"_exactmetrics_sitenote_active":false,"_exactmetrics_sitenote_note":"","_exactmetrics_sitenote_category":0},"_links":{"self":[{"href":"https:\/\/bwp.lt\/lt\/wp-json\/wp\/v2\/pages\/4839"}],"collection":[{"href":"https:\/\/bwp.lt\/lt\/wp-json\/wp\/v2\/pages"}],"about":[{"href":"https:\/\/bwp.lt\/lt\/wp-json\/wp\/v2\/types\/page"}],"author":[{"embeddable":true,"href":"https:\/\/bwp.lt\/lt\/wp-json\/wp\/v2\/users\/2"}],"replies":[{"embeddable":true,"href":"https:\/\/bwp.lt\/lt\/wp-json\/wp\/v2\/comments?post=4839"}],"version-history":[{"count":6,"href":"https:\/\/bwp.lt\/lt\/wp-json\/wp\/v2\/pages\/4839\/revisions"}],"predecessor-version":[{"id":7192,"href":"https:\/\/bwp.lt\/lt\/wp-json\/wp\/v2\/pages\/4839\/revisions\/7192"}],"up":[{"embeddable":true,"href":"https:\/\/bwp.lt\/lt\/wp-json\/wp\/v2\/pages\/4804"}],"wp:attachment":[{"href":"https:\/\/bwp.lt\/lt\/wp-json\/wp\/v2\/media?parent=4839"}],"curies":[{"name":"wp","href":"https:\/\/api.w.org\/{rel}","templated":true}]}}