{"id":4837,"date":"2019-09-05T20:43:09","date_gmt":"2019-09-05T20:43:09","guid":{"rendered":"https:\/\/bwp.lt\/?page_id=4837"},"modified":"2021-09-23T13:29:04","modified_gmt":"2021-09-23T13:29:04","slug":"lvl","status":"publish","type":"page","link":"https:\/\/bwp.lt\/lt\/statyboms\/lvl\/","title":{"rendered":"LVL"},"content":{"rendered":"<p>[vc_row full_width=&#8221;stretch_row_content_no_spaces&#8221; css=&#8221;.vc_custom_1567705686437{background-color: #f5f5f5 !important;}&#8221;][vc_column][vc_empty_space height=&#8221;30px&#8221;][\/vc_column][\/vc_row][vc_row css=&#8221;.vc_custom_1566926429490{margin-top: 50px !important;}&#8221;][vc_column width=&#8221;5\/12&#8243;][vc_images_carousel images=&#8221;7160,7161,7162&#8243; img_size=&#8221;456&#215;300&#8243; onclick=&#8221;link_no&#8221; wrap=&#8221;yes&#8221;][\/vc_column][vc_column width=&#8221;7\/12&#8243; css=&#8221;.vc_custom_1566929366426{margin-right: 25px !important;margin-left: 25px !important;}&#8221;][vc_column_text]<\/p>\n<h2 data-fontsize=\"28\" data-lineheight=\"33\"><strong>LVL\u00a0<\/strong><\/h2>\n<p>LVL &#8211;\u00a0laminuota fanerin\u0117 mediena yra moderni, ypa\u010d tvirta konstrukcin\u0117 med\u017eiaga, pagaminta klijuojant kelis sluoksnius faneros lygiagre\u010diai i\u0161d\u0117stant pluo\u0161tus, ilgis iki 13 500 mm.\u00a0\u00a0Tai statybin\u0117s, apkrovas laikan\u010dios paskirties IMP. Naudojamas s\u0105ramoms ir sijoms, gegn\u0117ms, kraig\u0173 sistemos ir elementams, ir dvit\u0117jini\u0173 sij\u0173 flan\u0161\u0173 ar briaun\u0173 gamyboje. LVL\u00a0produkcijai turime sertifikatus FSC, CE.[\/vc_column_text][\/vc_column][\/vc_row][vc_row][vc_column][vc_tta_tabs style=&#8221;flat&#8221; active_section=&#8221;1&#8243;][vc_tta_section title=&#8221;Technin\u0117 informacija&#8221; tab_id=&#8221;1566925363130-50993c1e-78894b2b-a444&#8243;][vc_column_text]<\/p>\n<div class=\"fusion-table table-1\">\n<table style=\"height: 215px;\" width=\"100%\">\n<tbody>\n<tr>\n<td>Medienos r\u016b\u0161ys:<\/td>\n<td>egl\u0117<\/td>\n<\/tr>\n<tr>\n<td>Produkt\u0173 tipai:<\/td>\n<td>Rb, Rs, R, X, I<\/td>\n<\/tr>\n<tr>\n<td>Dr\u0117gnumas:<\/td>\n<td>10\u00b12 %<\/td>\n<\/tr>\n<tr>\n<td>Kokyb\u0117:<\/td>\n<td>G1, G2, G3, G4<\/td>\n<\/tr>\n<\/tbody>\n<\/table>\n<\/div>\n<p>[\/vc_column_text][\/vc_tta_section][vc_tta_section title=&#8221;I\u0161matavimai&#8221; tab_id=&#8221;1566925363161-66ffe0e6-09954b2b-a444&#8243;][vc_column_text]<\/p>\n<div class=\"fusion-table table-1\">\n<table style=\"height: 215px;\" width=\"100%\">\n<tbody>\n<tr>\n<td>Storis, mm:<\/td>\n<td>27, 30, 33, 36, 39, 45, 51, 63, 75, 90<\/td>\n<\/tr>\n<tr>\n<td>Plotis, mm:<\/td>\n<td>64, 89, 100, 120, 150, 160, 200, 220, 240, 250, 260, 300, 360, 400, 420, 450, 500, 600, 1250<\/td>\n<\/tr>\n<tr>\n<td>Ilgis, mm:<\/td>\n<td>nuo 2500 iki 20 500, 500 mm gradacijomis<\/td>\n<\/tr>\n<tr>\n<td><\/td>\n<td><\/td>\n<\/tr>\n<\/tbody>\n<\/table>\n<\/div>\n<p>[\/vc_column_text][\/vc_tta_section][vc_tta_section title=&#8221;Pristatymas&#8221; tab_id=&#8221;1566925679403-154fdd38-e59a4b2b-a444&#8243;][vc_column_text]Galime pasi\u016blyti \u012fvairius pristatymo b\u016bdus: keli\u0173, j\u016br\u0173 transportu. Galime pristatyti savo gaminius \u012f visus pasaulio ta\u0161kus, atlikti visas reikiamas preki\u0173 muitin\u0117s proced\u016bras ir pristatyti gaminius iki j\u016bs\u0173 \u201cdur\u0173\u201d. Galimos \u012fvairios pristatymo s\u0105lygos pagal Incoterms 2010.<\/p>\n<div class=\"fusion-table table-1\">\n<table style=\"height: 215px;\" width=\"100%\">\n<tbody>\n<tr>\n<td>Pristatymo s\u0105lygos:<\/td>\n<td>EXW, FCA, DAP, FOB, CIF<\/td>\n<\/tr>\n<tr>\n<td>Pristatymo b\u016bdai:<\/td>\n<td>keli\u0173, j\u016br\u0173 transportu<\/td>\n<\/tr>\n<tr>\n<td>\u00a0Minimalus u\u017esakymas:<\/td>\n<td>\u00a0nuo 30 m3<\/td>\n<\/tr>\n<tr>\n<td><\/td>\n<td><\/td>\n<\/tr>\n<\/tbody>\n<\/table>\n<\/div>\n<p>[\/vc_column_text][\/vc_tta_section][\/vc_tta_tabs][\/vc_column][\/vc_row]<\/p>\n","protected":false},"excerpt":{"rendered":"<p>[vc_row full_width=&#8221;stretch_row_content_no_spaces&#8221; css=&#8221;.vc_custom_1567705686437{background-color: #f5f5f5 !important;}&#8221;][vc_column][vc_empty_space height=&#8221;30px&#8221;][\/vc_column][\/vc_row][vc_row css=&#8221;.vc_custom_1566926429490{margin-top: 50px !important;}&#8221;][vc_column width=&#8221;5\/12&#8243;][vc_images_carousel images=&#8221;7160,7161,7162&#8243; img_size=&#8221;456&#215;300&#8243; onclick=&#8221;link_no&#8221; wrap=&#8221;yes&#8221;][\/vc_column][vc_column width=&#8221;7\/12&#8243; css=&#8221;.vc_custom_1566929366426{margin-right: 25px !important;margin-left: 25px !important;}&#8221;][vc_column_text] LVL\u00a0 LVL &#8211;\u00a0laminuota fanerin\u0117 mediena yra moderni, ypa\u010d tvirta konstrukcin\u0117&#8230;<\/p>\n","protected":false},"author":2,"featured_media":0,"parent":4800,"menu_order":0,"comment_status":"closed","ping_status":"closed","template":"","meta":{"_exactmetrics_skip_tracking":false,"_exactmetrics_sitenote_active":false,"_exactmetrics_sitenote_note":"","_exactmetrics_sitenote_category":0},"_links":{"self":[{"href":"https:\/\/bwp.lt\/lt\/wp-json\/wp\/v2\/pages\/4837"}],"collection":[{"href":"https:\/\/bwp.lt\/lt\/wp-json\/wp\/v2\/pages"}],"about":[{"href":"https:\/\/bwp.lt\/lt\/wp-json\/wp\/v2\/types\/page"}],"author":[{"embeddable":true,"href":"https:\/\/bwp.lt\/lt\/wp-json\/wp\/v2\/users\/2"}],"replies":[{"embeddable":true,"href":"https:\/\/bwp.lt\/lt\/wp-json\/wp\/v2\/comments?post=4837"}],"version-history":[{"count":7,"href":"https:\/\/bwp.lt\/lt\/wp-json\/wp\/v2\/pages\/4837\/revisions"}],"predecessor-version":[{"id":7172,"href":"https:\/\/bwp.lt\/lt\/wp-json\/wp\/v2\/pages\/4837\/revisions\/7172"}],"up":[{"embeddable":true,"href":"https:\/\/bwp.lt\/lt\/wp-json\/wp\/v2\/pages\/4800"}],"wp:attachment":[{"href":"https:\/\/bwp.lt\/lt\/wp-json\/wp\/v2\/media?parent=4837"}],"curies":[{"name":"wp","href":"https:\/\/api.w.org\/{rel}","templated":true}]}}