{"id":4833,"date":"2019-09-05T20:41:48","date_gmt":"2019-09-05T20:41:48","guid":{"rendered":"https:\/\/bwp.lt\/?page_id=4833"},"modified":"2021-09-23T14:17:44","modified_gmt":"2021-09-23T14:17:44","slug":"fanera","status":"publish","type":"page","link":"https:\/\/bwp.lt\/lt\/baldams\/fanera\/","title":{"rendered":"Fanera"},"content":{"rendered":"<p>[vc_row full_width=&#8221;stretch_row_content_no_spaces&#8221; css=&#8221;.vc_custom_1567705686437{background-color: #f5f5f5 !important;}&#8221;][vc_column][vc_empty_space height=&#8221;30px&#8221;][\/vc_column][\/vc_row][vc_row css=&#8221;.vc_custom_1566926429490{margin-top: 50px !important;}&#8221;][vc_column width=&#8221;5\/12&#8243;][vc_images_carousel images=&#8221;5113,5112,5114,5115&#8243; img_size=&#8221;456&#215;300&#8243; onclick=&#8221;link_no&#8221; wrap=&#8221;yes&#8221;][\/vc_column][vc_column width=&#8221;7\/12&#8243; css=&#8221;.vc_custom_1566929366426{margin-right: 25px !important;margin-left: 25px !important;}&#8221;][vc_column_text]<\/p>\n<h2 data-fontsize=\"28\" data-lineheight=\"33\"><strong>Ber\u017ein\u0117 fanera<\/strong><\/h2>\n<p>Fanera &#8211; med\u017eio luk\u0161to plok\u0161t\u0117, pla\u010diai naudojama ne tik bald\u0173 gamyboje, bet ir statyboje. Fanera gaminama taip, kad skirtingi faneros sluoksniai kirst\u0173si statmenai, jie suklijuojami specialiais, itin stipriais klijais, gamyboje taip pat naudojama auk\u0161ta temperat\u016bra. B\u016bna ber\u017ein\u0117 fanera, dr\u0117gmei atspari fanera, lanksti fanera. Galime pasi\u016blyti \u012fvairius faneros variantus.[\/vc_column_text][\/vc_column][\/vc_row][vc_row][vc_column][vc_tta_tabs style=&#8221;flat&#8221; active_section=&#8221;1&#8243;][vc_tta_section title=&#8221;Technin\u0117 informacija&#8221; tab_id=&#8221;1566925363130-50993c1e-7889c51f-0ee2&#8243;][vc_column_text]<\/p>\n<div class=\"fusion-table table-1\">\n<table style=\"height: 215px;\" width=\"100%\">\n<tbody>\n<tr>\n<td>Medienos r\u016b\u0161ys:<\/td>\n<td>\u00a0lapuo\u010diai, spygliuo\u010diai<\/td>\n<\/tr>\n<tr>\n<td>Kokyb\u0117:<\/td>\n<td>I\/II (B\/BB), II\/II (BB\/BB), II\/III (BB\/CP), II\/IV (BB\/C),\u00a0 III\/III (CP\/CP), III\/IV (CP\/C), IV\/IV (CC\/CC)<\/td>\n<\/tr>\n<tr>\n<td>Dr\u0117gnumas:<\/td>\n<td>5-10 %<\/td>\n<\/tr>\n<tr>\n<td>Emisijos klas\u0117:<\/td>\n<td>E1 &#8211; ma\u017eiau kaip 8 mg \/ 100 g<\/td>\n<\/tr>\n<\/tbody>\n<\/table>\n<\/div>\n<p>[\/vc_column_text][\/vc_tta_section][vc_tta_section title=&#8221;I\u0161matavimai&#8221; tab_id=&#8221;1566925363161-66ffe0e6-0995c51f-0ee2&#8243;][vc_column_text]<\/p>\n<div class=\"fusion-table table-1\">\n<table style=\"height: 215px;\" width=\"100%\">\n<tbody>\n<tr>\n<td>Storis, mm:<\/td>\n<td>3-24<\/td>\n<\/tr>\n<tr>\n<td>Plotis, mm:<\/td>\n<td>1220, 1250, 1525<\/td>\n<\/tr>\n<tr>\n<td>Ilgis, mm:<\/td>\n<td>1525, 2440, 2500<\/td>\n<\/tr>\n<tr>\n<td><\/td>\n<td><\/td>\n<\/tr>\n<\/tbody>\n<\/table>\n<\/div>\n<p>[\/vc_column_text][\/vc_tta_section][vc_tta_section title=&#8221;Pristatymas&#8221; tab_id=&#8221;1566925679403-154fdd38-e59ac51f-0ee2&#8243;][vc_column_text]Galime pasi\u016blyti \u012fvairius pristatymo b\u016bdus: keli\u0173, j\u016br\u0173 transportu. Galime pristatyti savo gaminius \u012f visus pasaulio ta\u0161kus, atlikti visas reikiamas preki\u0173 muitin\u0117s proced\u016bras ir pristatyti gaminius iki j\u016bs\u0173 \u201cdur\u0173\u201d. Galimos \u012fvairios pristatymo s\u0105lygos pagal Incoterms 2010.<\/p>\n<div class=\"fusion-table table-1\">\n<table style=\"height: 215px;\" width=\"100%\">\n<tbody>\n<tr>\n<td>Pristatymo s\u0105lygos:<\/td>\n<td>EXW, FCA, DAP, FOB, CIF<\/td>\n<\/tr>\n<tr>\n<td>Pristatymo b\u016bdai:<\/td>\n<td>keli\u0173, j\u016br\u0173 transportu<\/td>\n<\/tr>\n<tr>\n<td>\u00a0Minimalus u\u017esakymas:<\/td>\n<td>\u00a0nuo 30 m3<\/td>\n<\/tr>\n<tr>\n<td><\/td>\n<td><\/td>\n<\/tr>\n<\/tbody>\n<\/table>\n<\/div>\n<p>[\/vc_column_text][\/vc_tta_section][\/vc_tta_tabs][\/vc_column][\/vc_row]<\/p>\n","protected":false},"excerpt":{"rendered":"<p>[vc_row full_width=&#8221;stretch_row_content_no_spaces&#8221; css=&#8221;.vc_custom_1567705686437{background-color: #f5f5f5 !important;}&#8221;][vc_column][vc_empty_space height=&#8221;30px&#8221;][\/vc_column][\/vc_row][vc_row css=&#8221;.vc_custom_1566926429490{margin-top: 50px !important;}&#8221;][vc_column width=&#8221;5\/12&#8243;][vc_images_carousel images=&#8221;5113,5112,5114,5115&#8243; img_size=&#8221;456&#215;300&#8243; onclick=&#8221;link_no&#8221; wrap=&#8221;yes&#8221;][\/vc_column][vc_column width=&#8221;7\/12&#8243; css=&#8221;.vc_custom_1566929366426{margin-right: 25px !important;margin-left: 25px !important;}&#8221;][vc_column_text] Ber\u017ein\u0117 fanera Fanera &#8211; med\u017eio luk\u0161to plok\u0161t\u0117, pla\u010diai naudojama ne&#8230;<\/p>\n","protected":false},"author":2,"featured_media":0,"parent":4804,"menu_order":0,"comment_status":"closed","ping_status":"closed","template":"","meta":{"_exactmetrics_skip_tracking":false,"_exactmetrics_sitenote_active":false,"_exactmetrics_sitenote_note":"","_exactmetrics_sitenote_category":0},"_links":{"self":[{"href":"https:\/\/bwp.lt\/lt\/wp-json\/wp\/v2\/pages\/4833"}],"collection":[{"href":"https:\/\/bwp.lt\/lt\/wp-json\/wp\/v2\/pages"}],"about":[{"href":"https:\/\/bwp.lt\/lt\/wp-json\/wp\/v2\/types\/page"}],"author":[{"embeddable":true,"href":"https:\/\/bwp.lt\/lt\/wp-json\/wp\/v2\/users\/2"}],"replies":[{"embeddable":true,"href":"https:\/\/bwp.lt\/lt\/wp-json\/wp\/v2\/comments?post=4833"}],"version-history":[{"count":6,"href":"https:\/\/bwp.lt\/lt\/wp-json\/wp\/v2\/pages\/4833\/revisions"}],"predecessor-version":[{"id":7189,"href":"https:\/\/bwp.lt\/lt\/wp-json\/wp\/v2\/pages\/4833\/revisions\/7189"}],"up":[{"embeddable":true,"href":"https:\/\/bwp.lt\/lt\/wp-json\/wp\/v2\/pages\/4804"}],"wp:attachment":[{"href":"https:\/\/bwp.lt\/lt\/wp-json\/wp\/v2\/media?parent=4833"}],"curies":[{"name":"wp","href":"https:\/\/api.w.org\/{rel}","templated":true}]}}