{"id":4831,"date":"2019-09-05T20:40:47","date_gmt":"2019-09-05T20:40:47","guid":{"rendered":"https:\/\/bwp.lt\/?page_id=4831"},"modified":"2021-09-23T10:36:33","modified_gmt":"2021-09-23T10:36:33","slug":"klijuotos-sijos-bsh","status":"publish","type":"page","link":"https:\/\/bwp.lt\/lt\/statyboms\/klijuotos-sijos-bsh\/","title":{"rendered":"Klijuotos sijos BSH"},"content":{"rendered":"<p>[vc_row full_width=&#8221;stretch_row_content_no_spaces&#8221; css=&#8221;.vc_custom_1567705686437{background-color: #f5f5f5 !important;}&#8221;][vc_column][vc_empty_space height=&#8221;30px&#8221;][\/vc_column][\/vc_row][vc_row css=&#8221;.vc_custom_1566926429490{margin-top: 50px !important;}&#8221;][vc_column width=&#8221;5\/12&#8243;][vc_images_carousel images=&#8221;7150,7149,5104&#8243; img_size=&#8221;500&#215;300&#8243; wrap=&#8221;yes&#8221;][\/vc_column][vc_column width=&#8221;7\/12&#8243; css=&#8221;.vc_custom_1566929366426{margin-right: 25px !important;margin-left: 25px !important;}&#8221;][vc_column_text]<\/p>\n<h2 data-fontsize=\"28\" data-lineheight=\"33\"><strong>Klijuotos sijos BSH<\/strong><\/h2>\n<p>Klijuotos sijos BSH (klijuota laminuota mediena) yra pramoniniu b\u016bdu pagamintas produktas, kur\u012f sudaro ne ma\u017eiau kaip trys egl\u0117s arba pu\u0161ies sluoksniai, kurie yra klijuoti kartu su lygiagre\u010diai einan\u010diais pluo\u0161tais. BSH be kita ko, i\u0161siskiria itin auk\u0161tu matmen\u0173 stabilumu, ma\u017eu ply\u0161i\u0173 susidarymu, didesne atlaikan\u010dia apkrova, palyginti su \u012fprasta statybine mediena ir auk\u0161ta prie\u0161gaisrine sauga. D\u0117l \u0161i\u0173 teigiam\u0173 savybi\u0173 klijuota mediena jau daugel\u012f met\u0173 yra BWP vienas i\u0161 pagrindini\u0173 produkt\u0173. Visos m\u016bs\u0173 si\u016blomos BSH sijos turi CE sertifikatus.[\/vc_column_text][\/vc_column][\/vc_row][vc_row][vc_column][vc_tta_tabs style=&#8221;flat&#8221; active_section=&#8221;1&#8243;][vc_tta_section title=&#8221;Technin\u0117 informacija&#8221; tab_id=&#8221;1566925363130-50993c1e-78893744-2361&#8243;][vc_column_text]<\/p>\n<div class=\"fusion-table table-1\">\n<table style=\"height: 215px;\" width=\"100%\">\n<tbody>\n<tr>\n<td>Medienos r\u016b\u0161ys:<\/td>\n<td>egl\u0117, pu\u0161is<\/td>\n<\/tr>\n<tr>\n<td>Kokyb\u0117:<\/td>\n<td>vizualin\u0117 kokyb\u0117, industrin\u0117 kokyb\u0117<\/td>\n<\/tr>\n<tr>\n<td>Dr\u0117gnumas:<\/td>\n<td>12 % \u00b1 2 %<\/td>\n<\/tr>\n<tr>\n<td>Stiprumo klas\u0117s:<\/td>\n<td>GL24, GL28<\/td>\n<\/tr>\n<\/tbody>\n<\/table>\n<\/div>\n<div class=\"fusion-table table-1\"><\/div>\n<p>[\/vc_column_text][\/vc_tta_section][vc_tta_section title=&#8221;I\u0161matavimai&#8221; tab_id=&#8221;1566925363161-66ffe0e6-09953744-2361&#8243;][vc_column_text]<\/p>\n<div class=\"fusion-table table-1\">\n<table style=\"height: 215px;\" width=\"100%\">\n<tbody>\n<tr>\n<td>Storis, mm:<\/td>\n<td>80-600<\/td>\n<\/tr>\n<tr>\n<td>Plotis, mm:<\/td>\n<td>60-200<\/td>\n<\/tr>\n<tr>\n<td>Ilgis, mm:<\/td>\n<td>3000-13500<\/td>\n<\/tr>\n<tr>\n<td><\/td>\n<td><\/td>\n<\/tr>\n<\/tbody>\n<\/table>\n<\/div>\n<p>[\/vc_column_text][\/vc_tta_section][vc_tta_section title=&#8221;Pristatymas&#8221; tab_id=&#8221;1566925679403-154fdd38-e59a3744-2361&#8243;][vc_column_text]Galime pasi\u016blyti \u012fvairius pristatymo b\u016bdus: keli\u0173, j\u016br\u0173 transportu. Galime pristatyti savo gaminius \u012f visus pasaulio ta\u0161kus, atlikti visas reikiamas preki\u0173 muitin\u0117s proced\u016bras ir pristatyti gaminius iki j\u016bs\u0173 \u201cdur\u0173\u201d. Galimos \u012fvairios pristatymo s\u0105lygos pagal Incoterms 2010.<\/p>\n<div class=\"fusion-table table-1\">\n<table style=\"height: 215px;\" width=\"100%\">\n<tbody>\n<tr>\n<td>Pristatymo s\u0105lygos:<\/td>\n<td>EXW, FCA, DAP, FOB, CIF<\/td>\n<\/tr>\n<tr>\n<td>Pristatymo b\u016bdai:<\/td>\n<td>keli\u0173, j\u016br\u0173 transportu<\/td>\n<\/tr>\n<tr>\n<td>Minimalus u\u017esakymas:<\/td>\n<td>\u00a0nuo 30 m3<\/td>\n<\/tr>\n<tr>\n<td><\/td>\n<td><\/td>\n<\/tr>\n<\/tbody>\n<\/table>\n<\/div>\n<p>[\/vc_column_text][\/vc_tta_section][\/vc_tta_tabs][\/vc_column][\/vc_row]<\/p>\n","protected":false},"excerpt":{"rendered":"<p>[vc_row full_width=&#8221;stretch_row_content_no_spaces&#8221; css=&#8221;.vc_custom_1567705686437{background-color: #f5f5f5 !important;}&#8221;][vc_column][vc_empty_space height=&#8221;30px&#8221;][\/vc_column][\/vc_row][vc_row css=&#8221;.vc_custom_1566926429490{margin-top: 50px !important;}&#8221;][vc_column width=&#8221;5\/12&#8243;][vc_images_carousel images=&#8221;7150,7149,5104&#8243; img_size=&#8221;500&#215;300&#8243; wrap=&#8221;yes&#8221;][\/vc_column][vc_column width=&#8221;7\/12&#8243; css=&#8221;.vc_custom_1566929366426{margin-right: 25px !important;margin-left: 25px !important;}&#8221;][vc_column_text] Klijuotos sijos BSH Klijuotos sijos BSH (klijuota laminuota mediena) yra pramoniniu&#8230;<\/p>\n","protected":false},"author":2,"featured_media":0,"parent":4800,"menu_order":0,"comment_status":"closed","ping_status":"closed","template":"","meta":{"_exactmetrics_skip_tracking":false,"_exactmetrics_sitenote_active":false,"_exactmetrics_sitenote_note":"","_exactmetrics_sitenote_category":0},"_links":{"self":[{"href":"https:\/\/bwp.lt\/lt\/wp-json\/wp\/v2\/pages\/4831"}],"collection":[{"href":"https:\/\/bwp.lt\/lt\/wp-json\/wp\/v2\/pages"}],"about":[{"href":"https:\/\/bwp.lt\/lt\/wp-json\/wp\/v2\/types\/page"}],"author":[{"embeddable":true,"href":"https:\/\/bwp.lt\/lt\/wp-json\/wp\/v2\/users\/2"}],"replies":[{"embeddable":true,"href":"https:\/\/bwp.lt\/lt\/wp-json\/wp\/v2\/comments?post=4831"}],"version-history":[{"count":10,"href":"https:\/\/bwp.lt\/lt\/wp-json\/wp\/v2\/pages\/4831\/revisions"}],"predecessor-version":[{"id":7152,"href":"https:\/\/bwp.lt\/lt\/wp-json\/wp\/v2\/pages\/4831\/revisions\/7152"}],"up":[{"embeddable":true,"href":"https:\/\/bwp.lt\/lt\/wp-json\/wp\/v2\/pages\/4800"}],"wp:attachment":[{"href":"https:\/\/bwp.lt\/lt\/wp-json\/wp\/v2\/media?parent=4831"}],"curies":[{"name":"wp","href":"https:\/\/api.w.org\/{rel}","templated":true}]}}