{"id":4824,"date":"2019-09-05T20:37:51","date_gmt":"2019-09-05T20:37:51","guid":{"rendered":"https:\/\/bwp.lt\/?page_id=4824"},"modified":"2022-02-21T14:30:02","modified_gmt":"2022-02-21T14:30:02","slug":"klijuoti-skydai","status":"publish","type":"page","link":"https:\/\/bwp.lt\/lt\/baldams\/klijuoti-skydai\/","title":{"rendered":"Klijuoti skydai"},"content":{"rendered":"<p>[vc_row full_width=&#8221;stretch_row_content_no_spaces&#8221; css=&#8221;.vc_custom_1567705686437{background-color: #f5f5f5 !important;}&#8221;][vc_column][vc_empty_space height=&#8221;30px&#8221;][\/vc_column][\/vc_row][vc_row css=&#8221;.vc_custom_1566926429490{margin-top: 50px !important;}&#8221;][vc_column width=&#8221;5\/12&#8243;][vc_images_carousel images=&#8221;5074,5075,5076,5077&#8243; img_size=&#8221;456&#215;300&#8243; onclick=&#8221;link_no&#8221; wrap=&#8221;yes&#8221;][\/vc_column][vc_column width=&#8221;7\/12&#8243; css=&#8221;.vc_custom_1566929366426{margin-right: 25px !important;margin-left: 25px !important;}&#8221;][vc_column_text]<\/p>\n<h2 data-fontsize=\"28\" data-lineheight=\"33\"><strong>Klijuoti medienos skydai \/ Baldiniai skydai<\/strong><\/h2>\n<p>Baldinius skydus galime pagaminti i\u0161 vientis\u0173 medienos lameli\u0173 arba dygiuot\u0173\/klijuot\u0173 lameli\u0173. Baldinis skydas daugiausia naudojamas korpusini\u0173 bald\u0173 fasadams (durims), stalvir\u0161iams arba pastat\u0173 vidaus \u012frangai (durims, j\u0173 r\u0117mams, laiptams). Pagamintos i\u0161 nat\u016bralios medienos, plok\u0161t\u0117s jau nebeturi medienai b\u016bding\u0173 yd\u0173 (\u0161ak\u0173, ply\u0161i\u0173, kreivo pluo\u0161to sluoksnio ir kt.), nes jos i\u0161pjaustomos ta\u0161eli\u0173 gamybos metu. Pagal kliento pateikt\u0105 specifikacij\u0105 galime pagaminti baldinius skydus i\u0161 \u012fvairi\u0173 medienos r\u016b\u0161i\u0173.[\/vc_column_text][\/vc_column][\/vc_row][vc_row][vc_column][vc_tta_tabs style=&#8221;flat&#8221; active_section=&#8221;1&#8243;][vc_tta_section title=&#8221;Technin\u0117 informacija&#8221; tab_id=&#8221;1566925363130-50993c1e-7889ac46-827b&#8221;][vc_column_text]<\/p>\n<div class=\"fusion-table table-1\">\n<table style=\"height: 215px;\" width=\"100%\">\n<tbody>\n<tr>\n<td>Medienos r\u016b\u0161ys:<\/td>\n<td>pu\u0161is, ber\u017eas, uosis, \u0105\u017euolas, bukas, sibiro maumedis<\/td>\n<\/tr>\n<tr>\n<td>Kokyb\u0117:<\/td>\n<td>A\/A, A\/B, A\/C, B\/B, B\/C, C\/C<\/td>\n<\/tr>\n<tr>\n<td>Dr\u0117gnumas:<\/td>\n<td>8-10%, 10-12 %<\/td>\n<\/tr>\n<tr>\n<td>Kriterijai:<\/td>\n<td>vientisas, dygiuotas\/klijuotas u\u017edaras arba atviras dygis<\/td>\n<\/tr>\n<\/tbody>\n<\/table>\n<\/div>\n<p>[\/vc_column_text][\/vc_tta_section][vc_tta_section title=&#8221;I\u0161matavimai&#8221; tab_id=&#8221;1566925363161-66ffe0e6-0995ac46-827b&#8221;][vc_column_text]<\/p>\n<div class=\"fusion-table table-1\">\n<table style=\"height: 215px;\" width=\"100%\">\n<tbody>\n<tr>\n<td>Storis, mm:<\/td>\n<td>18-45<\/td>\n<\/tr>\n<tr>\n<td>Plotis, mm:<\/td>\n<td>200-1250<\/td>\n<\/tr>\n<tr>\n<td>Ilgis, mm:<\/td>\n<td>1000-5000<\/td>\n<\/tr>\n<tr>\n<td><\/td>\n<td><\/td>\n<\/tr>\n<\/tbody>\n<\/table>\n<\/div>\n<p>[\/vc_column_text][\/vc_tta_section][vc_tta_section title=&#8221;Pristatymas&#8221; tab_id=&#8221;1566925679403-154fdd38-e59aac46-827b&#8221;][vc_column_text]Galime pasi\u016blyti \u012fvairius pristatymo b\u016bdus: keli\u0173, j\u016br\u0173 transportu. Galime pristatyti savo gaminius \u012f visus pasaulio ta\u0161kus, atlikti visas reikiamas preki\u0173 muitin\u0117s proced\u016bras ir pristatyti gaminius iki j\u016bs\u0173 \u201cdur\u0173\u201d. Galimos \u012fvairios pristatymo s\u0105lygos (Incoterms 2010).<\/p>\n<div class=\"fusion-table table-1\">\n<table style=\"height: 215px;\" width=\"100%\">\n<tbody>\n<tr>\n<td>Pristatymo s\u0105lygos:<\/td>\n<td>EXW, FCA, DAP, FOB, CIF<\/td>\n<\/tr>\n<tr>\n<td>Pristatymo b\u016bdai:<\/td>\n<td>keli\u0173, j\u016br\u0173 transportu<\/td>\n<\/tr>\n<tr>\n<td>\u00a0Minimalus u\u017esakymas:<\/td>\n<td>\u00a0nuo 2 m3<\/td>\n<\/tr>\n<tr>\n<td><\/td>\n<td><\/td>\n<\/tr>\n<\/tbody>\n<\/table>\n<\/div>\n<p>[\/vc_column_text][\/vc_tta_section][\/vc_tta_tabs][\/vc_column][\/vc_row]<\/p>\n","protected":false},"excerpt":{"rendered":"<p>[vc_row full_width=&#8221;stretch_row_content_no_spaces&#8221; css=&#8221;.vc_custom_1567705686437{background-color: #f5f5f5 !important;}&#8221;][vc_column][vc_empty_space height=&#8221;30px&#8221;][\/vc_column][\/vc_row][vc_row css=&#8221;.vc_custom_1566926429490{margin-top: 50px !important;}&#8221;][vc_column width=&#8221;5\/12&#8243;][vc_images_carousel images=&#8221;5074,5075,5076,5077&#8243; img_size=&#8221;456&#215;300&#8243; onclick=&#8221;link_no&#8221; wrap=&#8221;yes&#8221;][\/vc_column][vc_column width=&#8221;7\/12&#8243; css=&#8221;.vc_custom_1566929366426{margin-right: 25px !important;margin-left: 25px !important;}&#8221;][vc_column_text] Klijuoti medienos skydai \/ Baldiniai skydai Baldinius skydus galime pagaminti&#8230;<\/p>\n","protected":false},"author":2,"featured_media":0,"parent":4804,"menu_order":0,"comment_status":"closed","ping_status":"closed","template":"","meta":{"_exactmetrics_skip_tracking":false,"_exactmetrics_sitenote_active":false,"_exactmetrics_sitenote_note":"","_exactmetrics_sitenote_category":0},"_links":{"self":[{"href":"https:\/\/bwp.lt\/lt\/wp-json\/wp\/v2\/pages\/4824"}],"collection":[{"href":"https:\/\/bwp.lt\/lt\/wp-json\/wp\/v2\/pages"}],"about":[{"href":"https:\/\/bwp.lt\/lt\/wp-json\/wp\/v2\/types\/page"}],"author":[{"embeddable":true,"href":"https:\/\/bwp.lt\/lt\/wp-json\/wp\/v2\/users\/2"}],"replies":[{"embeddable":true,"href":"https:\/\/bwp.lt\/lt\/wp-json\/wp\/v2\/comments?post=4824"}],"version-history":[{"count":10,"href":"https:\/\/bwp.lt\/lt\/wp-json\/wp\/v2\/pages\/4824\/revisions"}],"predecessor-version":[{"id":7348,"href":"https:\/\/bwp.lt\/lt\/wp-json\/wp\/v2\/pages\/4824\/revisions\/7348"}],"up":[{"embeddable":true,"href":"https:\/\/bwp.lt\/lt\/wp-json\/wp\/v2\/pages\/4804"}],"wp:attachment":[{"href":"https:\/\/bwp.lt\/lt\/wp-json\/wp\/v2\/media?parent=4824"}],"curies":[{"name":"wp","href":"https:\/\/api.w.org\/{rel}","templated":true}]}}