{"id":4822,"date":"2019-09-05T20:36:44","date_gmt":"2019-09-05T20:36:44","guid":{"rendered":"https:\/\/bwp.lt\/?page_id=4822"},"modified":"2021-09-23T14:27:41","modified_gmt":"2021-09-23T14:27:41","slug":"baldines-detales","status":"publish","type":"page","link":"https:\/\/bwp.lt\/lt\/baldams\/baldines-detales\/","title":{"rendered":"Baldin\u0117s detal\u0117s"},"content":{"rendered":"<p>[vc_row full_width=&#8221;stretch_row_content_no_spaces&#8221; css=&#8221;.vc_custom_1567705686437{background-color: #f5f5f5 !important;}&#8221;][vc_column][vc_empty_space height=&#8221;30px&#8221;][\/vc_column][\/vc_row][vc_row css=&#8221;.vc_custom_1566926429490{margin-top: 50px !important;}&#8221;][vc_column width=&#8221;5\/12&#8243;][vc_images_carousel images=&#8221;5080,5081,5082,5083&#8243; img_size=&#8221;456&#215;300&#8243; onclick=&#8221;link_no&#8221; wrap=&#8221;yes&#8221;][\/vc_column][vc_column width=&#8221;7\/12&#8243; css=&#8221;.vc_custom_1566929366426{margin-right: 25px !important;margin-left: 25px !important;}&#8221;][vc_column_text]<\/p>\n<h2 data-fontsize=\"28\" data-lineheight=\"33\"><strong>Baldin\u0117s detal\u0117s i\u0161 masyvo medienos\u00a0<\/strong><\/h2>\n<p>Galime pasi\u016blyti baldines detales i\u0161 masyvo medienos: pu\u0161ies, ber\u017eo, \u0105\u017euolo, uosio, buko, Pagal kliento pateikt\u0105 br\u0117\u017ein\u012f bei kokyb\u0117s reikalavimus galime pagaminti \u012fvairaus sud\u0117tingumo baldines detales. Galime atlikti obliavimo, frezavimo, gr\u0119\u017eimo, kaltavimo, da\u017eymo ir kitas paslaugas. Visi m\u016bs\u0173 gaminiai yra sertifikuoti FSC sertifikatu.[\/vc_column_text][\/vc_column][\/vc_row][vc_row][vc_column][vc_tta_tabs style=&#8221;flat&#8221; active_section=&#8221;1&#8243;][vc_tta_section title=&#8221;Technin\u0117 informacija&#8221; tab_id=&#8221;1566925363130-50993c1e-78899048-3605&#8243;][vc_column_text]<\/p>\n<div class=\"fusion-table table-1\">\n<table style=\"height: 215px;\" width=\"100%\">\n<tbody>\n<tr>\n<td>Medienos r\u016b\u0161ys:<\/td>\n<td>pu\u0161is, ber\u017eas, \u0105\u017euolas, bukas, uosis<\/td>\n<\/tr>\n<tr>\n<td>Kokyb\u0117:<\/td>\n<td>pagal kliento specifikacij\u0105<\/td>\n<\/tr>\n<tr>\n<td>Dr\u0117gnumas:<\/td>\n<td>8-10 %<\/td>\n<\/tr>\n<tr>\n<td>Apdirbimas:<\/td>\n<td>obliavimas,frezavimas, gr\u0119\u017eimas, \u0161lifavimas, kaltavimas, da\u017eymas<\/td>\n<\/tr>\n<\/tbody>\n<\/table>\n<\/div>\n<p>[\/vc_column_text][\/vc_tta_section][vc_tta_section title=&#8221;I\u0161matavimai&#8221; tab_id=&#8221;1566925363161-66ffe0e6-09959048-3605&#8243;][vc_column_text]<\/p>\n<div class=\"fusion-table table-1\">\n<table style=\"height: 215px;\" width=\"100%\">\n<tbody>\n<tr>\n<td>Storis, mm:<\/td>\n<td>pagal kliento br\u0117\u017einius<\/td>\n<\/tr>\n<tr>\n<td>Plotis, mm:<\/td>\n<td>pagal kliento br\u0117\u017einius<\/td>\n<\/tr>\n<tr>\n<td>Ilgis, mm:<\/td>\n<td>pagal kliento br\u0117\u017einius<\/td>\n<\/tr>\n<tr>\n<td><\/td>\n<td><\/td>\n<\/tr>\n<\/tbody>\n<\/table>\n<\/div>\n<p>[\/vc_column_text][\/vc_tta_section][vc_tta_section title=&#8221;Pristatymas&#8221; tab_id=&#8221;1566925679403-154fdd38-e59a9048-3605&#8243;][vc_column_text]Galime pasi\u016blyti \u012fvairius pristatymo b\u016bdus: keli\u0173, j\u016br\u0173 transportu. Galime pristatyti savo gaminius \u012f visus pasaulio ta\u0161kus, atlikti visas reikiamas preki\u0173 muitin\u0117s proced\u016bras ir pristatyti gaminius iki j\u016bs\u0173 \u201cdur\u0173\u201d. Galimos \u012fvairios pristatymo s\u0105lygos pagal Incoterms 2010.<\/p>\n<div class=\"fusion-table table-1\">\n<table style=\"height: 215px;\" width=\"100%\">\n<tbody>\n<tr>\n<td>Pristatymo s\u0105lygos:<\/td>\n<td>EXW, FCA, DAP, FOB, CIF<\/td>\n<\/tr>\n<tr>\n<td>Pristatymo b\u016bdai:<\/td>\n<td>keli\u0173, j\u016br\u0173 transportu<\/td>\n<\/tr>\n<tr>\n<td>\u00a0Minimalus u\u017esakymas:<\/td>\n<td>\u00a0nuo 10 m3<\/td>\n<\/tr>\n<tr>\n<td><\/td>\n<td><\/td>\n<\/tr>\n<\/tbody>\n<\/table>\n<\/div>\n<p>[\/vc_column_text][\/vc_tta_section][\/vc_tta_tabs][\/vc_column][\/vc_row]<\/p>\n","protected":false},"excerpt":{"rendered":"<p>[vc_row full_width=&#8221;stretch_row_content_no_spaces&#8221; css=&#8221;.vc_custom_1567705686437{background-color: #f5f5f5 !important;}&#8221;][vc_column][vc_empty_space height=&#8221;30px&#8221;][\/vc_column][\/vc_row][vc_row css=&#8221;.vc_custom_1566926429490{margin-top: 50px !important;}&#8221;][vc_column width=&#8221;5\/12&#8243;][vc_images_carousel images=&#8221;5080,5081,5082,5083&#8243; img_size=&#8221;456&#215;300&#8243; onclick=&#8221;link_no&#8221; wrap=&#8221;yes&#8221;][\/vc_column][vc_column width=&#8221;7\/12&#8243; css=&#8221;.vc_custom_1566929366426{margin-right: 25px !important;margin-left: 25px !important;}&#8221;][vc_column_text] Baldin\u0117s detal\u0117s i\u0161 masyvo medienos\u00a0 Galime pasi\u016blyti baldines detales i\u0161&#8230;<\/p>\n","protected":false},"author":2,"featured_media":0,"parent":4804,"menu_order":0,"comment_status":"closed","ping_status":"closed","template":"","meta":{"_exactmetrics_skip_tracking":false,"_exactmetrics_sitenote_active":false,"_exactmetrics_sitenote_note":"","_exactmetrics_sitenote_category":0},"_links":{"self":[{"href":"https:\/\/bwp.lt\/lt\/wp-json\/wp\/v2\/pages\/4822"}],"collection":[{"href":"https:\/\/bwp.lt\/lt\/wp-json\/wp\/v2\/pages"}],"about":[{"href":"https:\/\/bwp.lt\/lt\/wp-json\/wp\/v2\/types\/page"}],"author":[{"embeddable":true,"href":"https:\/\/bwp.lt\/lt\/wp-json\/wp\/v2\/users\/2"}],"replies":[{"embeddable":true,"href":"https:\/\/bwp.lt\/lt\/wp-json\/wp\/v2\/comments?post=4822"}],"version-history":[{"count":12,"href":"https:\/\/bwp.lt\/lt\/wp-json\/wp\/v2\/pages\/4822\/revisions"}],"predecessor-version":[{"id":7193,"href":"https:\/\/bwp.lt\/lt\/wp-json\/wp\/v2\/pages\/4822\/revisions\/7193"}],"up":[{"embeddable":true,"href":"https:\/\/bwp.lt\/lt\/wp-json\/wp\/v2\/pages\/4804"}],"wp:attachment":[{"href":"https:\/\/bwp.lt\/lt\/wp-json\/wp\/v2\/media?parent=4822"}],"curies":[{"name":"wp","href":"https:\/\/api.w.org\/{rel}","templated":true}]}}