{"id":4813,"date":"2019-09-05T20:32:56","date_gmt":"2019-09-05T20:32:56","guid":{"rendered":"https:\/\/bwp.lt\/?page_id=4813"},"modified":"2021-09-23T10:04:14","modified_gmt":"2021-09-23T10:04:14","slug":"kuolai-ir-stulpai","status":"publish","type":"page","link":"https:\/\/bwp.lt\/lt\/gamybai\/kuolai-ir-stulpai\/","title":{"rendered":"Kuolai ir stulpai"},"content":{"rendered":"<p>[vc_row full_width=&#8221;stretch_row_content_no_spaces&#8221; css=&#8221;.vc_custom_1567705686437{background-color: #f5f5f5 !important;}&#8221;][vc_column][vc_empty_space height=&#8221;30px&#8221;][\/vc_column][\/vc_row][vc_row css=&#8221;.vc_custom_1566926429490{margin-top: 50px !important;}&#8221;][vc_column width=&#8221;5\/12&#8243;][vc_images_carousel images=&#8221;5018,5019,5021,5024,5044,5045,5046&#8243; img_size=&#8221;456&#215;300&#8243; onclick=&#8221;link_no&#8221; wrap=&#8221;yes&#8221;][\/vc_column][vc_column width=&#8221;7\/12&#8243; css=&#8221;.vc_custom_1566929366426{margin-right: 25px !important;margin-left: 25px !important;}&#8221;][vc_column_text]<\/p>\n<h2 data-fontsize=\"28\" data-lineheight=\"33\"><strong>Kuolai ir\u00a0stulpai<\/strong><\/h2>\n<p>Gaminame tekintus medinius kuolus ir stulpus i\u0161 spygliuo\u010di\u0173 medienos (pu\u0161is, egl\u0117). Kuolai, stulpai skirti tvoroms, arkli\u0173 ir kit\u0173 gyv\u016bli\u0173 aptvarams, mi\u0161ko gyv\u016bn\u0173 aptvarams, mi\u0161k\u0173, priva\u010dioms teritorij\u0173 ir vald\u0173 aptvarams. Apval\u016bs mediniai kuolai taip pat naudojami kaip atramos medeliams, vynuog\u0117ms, apyniams, tinka vaik\u0173 \u017eaidim\u0173 aik\u0161tel\u0117ms, supyn\u0117ms gaminti, dekoratyvin\u0117ms dar\u017eo ir sodo reikm\u0117ms ir \u012fvairiems statybos darbams. Kuolus galime impregnuoti medienai skirtu impregnantu ir nusmailinti.[\/vc_column_text][\/vc_column][\/vc_row][vc_row][vc_column][vc_tta_tabs style=&#8221;flat&#8221; active_section=&#8221;1&#8243;][vc_tta_section title=&#8221;Technin\u0117 informacija&#8221; tab_id=&#8221;1566925363130-50993c1e-788980eb-e046&#8243;][vc_column_text]<\/p>\n<div class=\"fusion-table table-1\">\n<table style=\"height: 215px;\" width=\"100%\">\n<tbody>\n<tr>\n<td>Medienos r\u016b\u0161ys:<\/td>\n<td>\u00a0pu\u0161is, egl\u0117<\/td>\n<\/tr>\n<tr>\n<td>Kuol\u0173 tipai:<\/td>\n<td>apval\u016bs, skelti pusiau, smailinti<\/td>\n<\/tr>\n<tr>\n<td>Dr\u0117gnumas:<\/td>\n<td>14-19 %,\u00a0 20 % ir daugiau<\/td>\n<\/tr>\n<tr>\n<td>Apdirbimas:<\/td>\n<td>impregnavimas giluminis, antiseptikavimas (SINESTO B)<\/td>\n<\/tr>\n<\/tbody>\n<\/table>\n<\/div>\n<p>[\/vc_column_text][\/vc_tta_section][vc_tta_section title=&#8221;I\u0161matavimai&#8221; tab_id=&#8221;1566925363161-66ffe0e6-099580eb-e046&#8243;][vc_column_text]<strong>Kuolai nam\u016b \u016bkiams<\/strong><\/p>\n<div class=\"fusion-table table-1\">\n<table style=\"height: 215px;\" width=\"100%\">\n<tbody>\n<tr>\n<td>Diametras, mm:<\/td>\n<td>50-90<\/td>\n<\/tr>\n<tr>\n<td>Ilgis, mm:<\/td>\n<td>1500-3000<\/td>\n<\/tr>\n<tr>\n<td><\/td>\n<td><\/td>\n<\/tr>\n<tr>\n<td><\/td>\n<td><\/td>\n<\/tr>\n<\/tbody>\n<\/table>\n<\/div>\n<p><strong>Nu\u017eievinti kuolai<\/strong><\/p>\n<div class=\"fusion-table table-1\">\n<table style=\"height: 215px;\" width=\"100%\">\n<tbody>\n<tr>\n<td>Diametras, mm:<\/td>\n<td>80-130<\/td>\n<\/tr>\n<tr>\n<td>Ilgis, mm:<\/td>\n<td>1500-8500<\/td>\n<\/tr>\n<tr>\n<td><\/td>\n<td><\/td>\n<\/tr>\n<tr>\n<td><\/td>\n<td><\/td>\n<\/tr>\n<\/tbody>\n<\/table>\n<\/div>\n<p><strong>Tekinti kuolai<\/strong><\/p>\n<div class=\"fusion-table table-1\">\n<table style=\"height: 215px;\" width=\"100%\">\n<tbody>\n<tr>\n<td>Diametras, mm:<\/td>\n<td>50-120<\/td>\n<\/tr>\n<tr>\n<td>Ilgis, mm:<\/td>\n<td>500-5000<\/td>\n<\/tr>\n<tr>\n<td><\/td>\n<td><\/td>\n<\/tr>\n<tr>\n<td><\/td>\n<td><\/td>\n<\/tr>\n<\/tbody>\n<\/table>\n<\/div>\n<p>[\/vc_column_text][\/vc_tta_section][vc_tta_section title=&#8221;Pristatymas&#8221; tab_id=&#8221;1566925679403-154fdd38-e59a80eb-e046&#8243;][vc_column_text]Galime pasi\u016blyti \u012fvairius pristatymo b\u016bdus: keli\u0173, j\u016br\u0173 transportu. Galime pristatyti savo gaminius \u012f visus pasaulio ta\u0161kus, atlikti visas reikiamas preki\u0173 muitin\u0117s proced\u016bras ir pristatyti gaminius iki j\u016bs\u0173 \u201cdur\u0173\u201d. Galimos \u012fvairios pristatymo s\u0105lygos (Incoterms 2010).<\/p>\n<div class=\"fusion-table table-1\">\n<table style=\"height: 215px;\" width=\"100%\">\n<tbody>\n<tr>\n<td>Pristatymo s\u0105lygos:<\/td>\n<td>EXW, FCA, DAP, FOB, CIF<\/td>\n<\/tr>\n<tr>\n<td>Pristatymo b\u016bdai:<\/td>\n<td>keli\u0173, j\u016br\u0173 transportu<\/td>\n<\/tr>\n<tr>\n<td>\u00a0Minimalus u\u017esakymas:<\/td>\n<td>\u00a0nuo 20 m3<\/td>\n<\/tr>\n<tr>\n<td><\/td>\n<td><\/td>\n<\/tr>\n<\/tbody>\n<\/table>\n<\/div>\n<p>[\/vc_column_text][\/vc_tta_section][\/vc_tta_tabs][\/vc_column][\/vc_row]<\/p>\n","protected":false},"excerpt":{"rendered":"<p>[vc_row full_width=&#8221;stretch_row_content_no_spaces&#8221; css=&#8221;.vc_custom_1567705686437{background-color: #f5f5f5 !important;}&#8221;][vc_column][vc_empty_space height=&#8221;30px&#8221;][\/vc_column][\/vc_row][vc_row css=&#8221;.vc_custom_1566926429490{margin-top: 50px !important;}&#8221;][vc_column width=&#8221;5\/12&#8243;][vc_images_carousel images=&#8221;5018,5019,5021,5024,5044,5045,5046&#8243; img_size=&#8221;456&#215;300&#8243; onclick=&#8221;link_no&#8221; wrap=&#8221;yes&#8221;][\/vc_column][vc_column width=&#8221;7\/12&#8243; css=&#8221;.vc_custom_1566929366426{margin-right: 25px !important;margin-left: 25px !important;}&#8221;][vc_column_text] Kuolai ir\u00a0stulpai Gaminame tekintus medinius kuolus ir stulpus i\u0161 spygliuo\u010di\u0173&#8230;<\/p>\n","protected":false},"author":2,"featured_media":0,"parent":4798,"menu_order":0,"comment_status":"closed","ping_status":"closed","template":"","meta":{"_exactmetrics_skip_tracking":false,"_exactmetrics_sitenote_active":false,"_exactmetrics_sitenote_note":"","_exactmetrics_sitenote_category":0},"_links":{"self":[{"href":"https:\/\/bwp.lt\/lt\/wp-json\/wp\/v2\/pages\/4813"}],"collection":[{"href":"https:\/\/bwp.lt\/lt\/wp-json\/wp\/v2\/pages"}],"about":[{"href":"https:\/\/bwp.lt\/lt\/wp-json\/wp\/v2\/types\/page"}],"author":[{"embeddable":true,"href":"https:\/\/bwp.lt\/lt\/wp-json\/wp\/v2\/users\/2"}],"replies":[{"embeddable":true,"href":"https:\/\/bwp.lt\/lt\/wp-json\/wp\/v2\/comments?post=4813"}],"version-history":[{"count":10,"href":"https:\/\/bwp.lt\/lt\/wp-json\/wp\/v2\/pages\/4813\/revisions"}],"predecessor-version":[{"id":7143,"href":"https:\/\/bwp.lt\/lt\/wp-json\/wp\/v2\/pages\/4813\/revisions\/7143"}],"up":[{"embeddable":true,"href":"https:\/\/bwp.lt\/lt\/wp-json\/wp\/v2\/pages\/4798"}],"wp:attachment":[{"href":"https:\/\/bwp.lt\/lt\/wp-json\/wp\/v2\/media?parent=4813"}],"curies":[{"name":"wp","href":"https:\/\/api.w.org\/{rel}","templated":true}]}}