{"id":4804,"date":"2019-09-05T18:30:22","date_gmt":"2019-09-05T18:30:22","guid":{"rendered":"https:\/\/bwp.lt\/?page_id=4804"},"modified":"2021-09-24T13:11:21","modified_gmt":"2021-09-24T13:11:21","slug":"baldams","status":"publish","type":"page","link":"https:\/\/bwp.lt\/lt\/baldams\/","title":{"rendered":"BALDAMS"},"content":{"rendered":"<p>[vc_row full_width=&#8221;stretch_row_content_no_spaces&#8221; css=&#8221;.vc_custom_1567863144219{margin-bottom: 40px !important;background-color: #f5f5f5 !important;}&#8221;][vc_column][vc_empty_space height=&#8221;30px&#8221;][\/vc_column][\/vc_row][vc_row][vc_column width=&#8221;1\/2&#8243;]<style scoped='scoped'>.mgt-promo-block-1671928083.mgt-promo-block.darken .mgt-promo-block-content {background-color: rgba(0,0,0,0.15)!important;}.mgt-promo-block-1671928083.mgt-promo-block.animated:hover .mgt-promo-block-content {background-color: rgba(10,10,10,0.35)!important;}<\/style><div class=\"mgt-promo-block-container wpb_content_element\"><div class=\"mgt-promo-block-wrapper  mgt-promo-block-shadow\"><div  class=\" mgt-promo-block animated white-text cover-image darken mgt-promo-block-1671928083\" data-style=\"background-color: #f5f5f5;background-image: url(https:\/\/bwp.lt\/wp-content\/uploads\/2019\/09\/GLUED-PANEL-FSC.jpg);background-repeat: no-repeat;height: 425px;\"><a class=\"mgt-promo-block-link\" href=\"https:\/\/bwp.lt\/klijuota-mediena\/baldinis-skydas\/\"><div class=\"mgt-promo-block-content va-middle\"><div class=\"mgt-promo-block-content-inside\">\n<h1 style=\"text-align: center;\">Baldinis skydas<\/h1>\n<\/div><\/div><\/a><\/div><\/div><\/div>[\/vc_column][vc_column width=&#8221;1\/2&#8243;]<style scoped='scoped'>.mgt-promo-block-4160267707.mgt-promo-block.darken .mgt-promo-block-content {background-color: rgba(0,0,0,0.15)!important;}.mgt-promo-block-4160267707.mgt-promo-block.animated:hover .mgt-promo-block-content {background-color: rgba(0,0,0,0.35)!important;}<\/style><div class=\"mgt-promo-block-container wpb_content_element\"><div class=\"mgt-promo-block-wrapper  mgt-promo-block-shadow\"><div  class=\" mgt-promo-block animated white-text cover-image darken mgt-promo-block-4160267707\" data-style=\"background-color: #f5f5f5;background-image: url(https:\/\/bwp.lt\/wp-content\/uploads\/2019\/09\/Three-layers-solid-timber-panels-Lithuania.jpg);background-repeat: no-repeat;height: 200px;\"><a class=\"mgt-promo-block-link\" href=\"https:\/\/bwp.lt\/klijuota-mediena\/trisluoksnes-plokstes\/\"><div class=\"mgt-promo-block-content va-middle\"><div class=\"mgt-promo-block-content-inside\">\n<h1 style=\"text-align: center;\">Trisluoksn\u0117 med\u017eio masyvo plok\u0161t\u0117<\/h1>\n<\/div><\/div><\/a><\/div><\/div><\/div>[vc_empty_space height=&#8221;25px&#8221;]<style scoped='scoped'>.mgt-promo-block-4595003406.mgt-promo-block.darken .mgt-promo-block-content {background-color: rgba(0,0,0,0.15)!important;}.mgt-promo-block-4595003406.mgt-promo-block.animated:hover .mgt-promo-block-content {background-color: rgba(0,0,0,0.35)!important;}<\/style><div class=\"mgt-promo-block-container wpb_content_element\"><div class=\"mgt-promo-block-wrapper  mgt-promo-block-shadow\"><div  class=\" mgt-promo-block animated white-text cover-image darken mgt-promo-block-4595003406\" data-style=\"background-color: #f5f5f5;background-image: url(https:\/\/bwp.lt\/wp-content\/uploads\/2019\/09\/Plywood-FSF-FSC.jpg);background-repeat: no-repeat;height: 200px;\"><a class=\"mgt-promo-block-link\" href=\"https:\/\/bwp.lt\/lt\/baldams\/fanera\/\"><div class=\"mgt-promo-block-content va-middle\"><div class=\"mgt-promo-block-content-inside\">\n<h1 style=\"text-align: center;\">Fanera<\/h1>\n<\/div><\/div><\/a><\/div><\/div><\/div>[\/vc_column][\/vc_row][vc_row][vc_column width=&#8221;1\/2&#8243;][vc_empty_space height=&#8221;25px&#8221;]<style scoped='scoped'>.mgt-promo-block-5174127375.mgt-promo-block.darken .mgt-promo-block-content {background-color: rgba(0,0,0,0.15)!important;}.mgt-promo-block-5174127375.mgt-promo-block.animated:hover .mgt-promo-block-content {background-color: rgba(10,10,10,0.35)!important;}<\/style><div class=\"mgt-promo-block-container wpb_content_element\"><div class=\"mgt-promo-block-wrapper  mgt-promo-block-shadow\"><div  class=\" mgt-promo-block animated white-text cover-image darken mgt-promo-block-5174127375\" data-style=\"background-color: #f5f5f5;background-image: url(https:\/\/bwp.lt\/wp-content\/uploads\/2019\/09\/MDF-Lithuania-for-furniture-1.jpeg);background-repeat: no-repeat;height: 425px;\"><a class=\"mgt-promo-block-link\" href=\"https:\/\/bwp.lt\/lt\/baldams\/slifuota-mdf\/\"><div class=\"mgt-promo-block-content va-middle\"><div class=\"mgt-promo-block-content-inside\">\n<h1 style=\"text-align: center;\">MDF\/HDF<\/h1>\n<\/div><\/div><\/a><\/div><\/div><\/div>[\/vc_column][vc_column width=&#8221;1\/2&#8243;][vc_empty_space height=&#8221;25px&#8221;]<style scoped='scoped'>.mgt-promo-block-1017346233.mgt-promo-block.darken .mgt-promo-block-content {background-color: rgba(0,0,0,0.15)!important;}.mgt-promo-block-1017346233.mgt-promo-block.animated:hover .mgt-promo-block-content {background-color: rgba(0,0,0,0.35)!important;}<\/style><div class=\"mgt-promo-block-container wpb_content_element\"><div class=\"mgt-promo-block-wrapper  mgt-promo-block-shadow\"><div  class=\" mgt-promo-block animated white-text cover-image darken mgt-promo-block-1017346233\" data-style=\"background-color: #f5f5f5;background-image: url(https:\/\/bwp.lt\/wp-content\/uploads\/2019\/09\/Furniture-components-FSC-Lithuania.jpg);background-repeat: no-repeat;height: 200px;\"><a class=\"mgt-promo-block-link\" href=\"https:\/\/bwp.lt\/lt\/baldams\/baldines-detales\/\"><div class=\"mgt-promo-block-content va-middle\"><div class=\"mgt-promo-block-content-inside\">\n<h1 style=\"text-align: center;\">Baldin\u0117s detal\u0117s<\/h1>\n<\/div><\/div><\/a><\/div><\/div><\/div>[vc_empty_space height=&#8221;25px&#8221;]<style scoped='scoped'>.mgt-promo-block-5839686174.mgt-promo-block.darken .mgt-promo-block-content {background-color: rgba(0,0,0,0.15)!important;}.mgt-promo-block-5839686174.mgt-promo-block.animated:hover .mgt-promo-block-content {background-color: rgba(0,0,0,0.35)!important;}<\/style><div class=\"mgt-promo-block-container wpb_content_element\"><div class=\"mgt-promo-block-wrapper  mgt-promo-block-shadow\"><div  class=\" mgt-promo-block animated white-text cover-image darken mgt-promo-block-5839686174\" data-style=\"background-color: #f5f5f5;background-image: url(https:\/\/bwp.lt\/wp-content\/uploads\/2019\/09\/beeh.jpeg);background-repeat: no-repeat;height: 200px;\"><a class=\"mgt-promo-block-link\" href=\"https:\/\/bwp.lt\/lt\/baldams\/baldiniai-ruosiniai\/\"><div class=\"mgt-promo-block-content va-middle\"><div class=\"mgt-promo-block-content-inside\">\n<h1 style=\"text-align: center;\">Baldiniai ruo\u0161iniai<\/h1>\n<\/div><\/div><\/a><\/div><\/div><\/div>[\/vc_column][\/vc_row][vc_row][vc_column][\/vc_column][\/vc_row]<\/p>\n","protected":false},"excerpt":{"rendered":"<p>[vc_row full_width=&#8221;stretch_row_content_no_spaces&#8221; css=&#8221;.vc_custom_1567863144219{margin-bottom: 40px !important;background-color: #f5f5f5 !important;}&#8221;][vc_column][vc_empty_space height=&#8221;30px&#8221;][\/vc_column][\/vc_row][vc_row][vc_column width=&#8221;1\/2&#8243;][\/vc_column][vc_column width=&#8221;1\/2&#8243;][vc_empty_space height=&#8221;25px&#8221;][\/vc_column][\/vc_row][vc_row][vc_column width=&#8221;1\/2&#8243;][vc_empty_space height=&#8221;25px&#8221;][\/vc_column][vc_column width=&#8221;1\/2&#8243;][vc_empty_space height=&#8221;25px&#8221;][vc_empty_space height=&#8221;25px&#8221;][\/vc_column][\/vc_row][vc_row][vc_column][\/vc_column][\/vc_row]<\/p>\n","protected":false},"author":1,"featured_media":0,"parent":0,"menu_order":0,"comment_status":"closed","ping_status":"closed","template":"","meta":{"_exactmetrics_skip_tracking":false,"_exactmetrics_sitenote_active":false,"_exactmetrics_sitenote_note":"","_exactmetrics_sitenote_category":0},"_links":{"self":[{"href":"https:\/\/bwp.lt\/lt\/wp-json\/wp\/v2\/pages\/4804"}],"collection":[{"href":"https:\/\/bwp.lt\/lt\/wp-json\/wp\/v2\/pages"}],"about":[{"href":"https:\/\/bwp.lt\/lt\/wp-json\/wp\/v2\/types\/page"}],"author":[{"embeddable":true,"href":"https:\/\/bwp.lt\/lt\/wp-json\/wp\/v2\/users\/1"}],"replies":[{"embeddable":true,"href":"https:\/\/bwp.lt\/lt\/wp-json\/wp\/v2\/comments?post=4804"}],"version-history":[{"count":21,"href":"https:\/\/bwp.lt\/lt\/wp-json\/wp\/v2\/pages\/4804\/revisions"}],"predecessor-version":[{"id":7248,"href":"https:\/\/bwp.lt\/lt\/wp-json\/wp\/v2\/pages\/4804\/revisions\/7248"}],"wp:attachment":[{"href":"https:\/\/bwp.lt\/lt\/wp-json\/wp\/v2\/media?parent=4804"}],"curies":[{"name":"wp","href":"https:\/\/api.w.org\/{rel}","templated":true}]}}