{"id":4800,"date":"2019-09-05T18:29:56","date_gmt":"2019-09-05T18:29:56","guid":{"rendered":"https:\/\/bwp.lt\/?page_id=4800"},"modified":"2021-09-24T13:23:42","modified_gmt":"2021-09-24T13:23:42","slug":"statyboms","status":"publish","type":"page","link":"https:\/\/bwp.lt\/lt\/statyboms\/","title":{"rendered":"STATYBOMS"},"content":{"rendered":"<p>[vc_row full_width=&#8221;stretch_row_content_no_spaces&#8221; css=&#8221;.vc_custom_1567863144219{margin-bottom: 40px !important;background-color: #f5f5f5 !important;}&#8221;][vc_column][vc_empty_space height=&#8221;30px&#8221;][\/vc_column][\/vc_row][vc_row][vc_column width=&#8221;1\/2&#8243;]<style scoped='scoped'>.mgt-promo-block-498765601.mgt-promo-block.darken .mgt-promo-block-content {background-color: rgba(0,0,0,0.15)!important;}.mgt-promo-block-498765601.mgt-promo-block.animated:hover .mgt-promo-block-content {background-color: rgba(10,10,10,0.35)!important;}<\/style><div class=\"mgt-promo-block-container wpb_content_element\"><div class=\"mgt-promo-block-wrapper  mgt-promo-block-shadow\"><div  class=\" mgt-promo-block animated white-text cover-image darken mgt-promo-block-498765601\" data-style=\"background-color: #f5f5f5;background-image: url(https:\/\/bwp.lt\/wp-content\/uploads\/2019\/09\/CLT-Lithuania-.jpg);background-repeat: no-repeat;height: 425px;\"><a class=\"mgt-promo-block-link\" href=\"https:\/\/bwp.lt\/lt\/statyboms\/sluoksniuota-medienos-plokste-clt\/\"><div class=\"mgt-promo-block-content va-middle\"><div class=\"mgt-promo-block-content-inside\">\n<h1 style=\"text-align: center;\">CLT &#8211; kry\u017emai sluoksniuota medienos plok\u0161t\u0117<\/h1>\n<\/div><\/div><\/a><\/div><\/div><\/div>[\/vc_column][vc_column width=&#8221;1\/2&#8243;]<style scoped='scoped'>.mgt-promo-block-2378405126.mgt-promo-block.darken .mgt-promo-block-content {background-color: rgba(0,0,0,0.15)!important;}.mgt-promo-block-2378405126.mgt-promo-block.animated:hover .mgt-promo-block-content {background-color: rgba(0,0,0,0.35)!important;}<\/style><div class=\"mgt-promo-block-container wpb_content_element\"><div class=\"mgt-promo-block-wrapper  mgt-promo-block-shadow\"><div  class=\" mgt-promo-block animated white-text cover-image darken mgt-promo-block-2378405126\" data-style=\"background-color: #f5f5f5;background-image: url(https:\/\/bwp.lt\/wp-content\/uploads\/2019\/09\/Glulam-BSH-Lithuania-1.jpeg);background-repeat: no-repeat;height: 200px;\"><a class=\"mgt-promo-block-link\" href=\"https:\/\/bwp.lt\/lt\/statyboms\/klijuotos-sijos-bsh\/\"><div class=\"mgt-promo-block-content va-middle\"><div class=\"mgt-promo-block-content-inside\">\n<h1 style=\"text-align: center;\">Klijuotos sijos BSH<\/h1>\n<\/div><\/div><\/a><\/div><\/div><\/div>[vc_empty_space height=&#8221;25px&#8221;]<style scoped='scoped'>.mgt-promo-block-7731196695.mgt-promo-block.darken .mgt-promo-block-content {background-color: rgba(0,0,0,0.15)!important;}.mgt-promo-block-7731196695.mgt-promo-block.animated:hover .mgt-promo-block-content {background-color: rgba(0,0,0,0.35)!important;}<\/style><div class=\"mgt-promo-block-container wpb_content_element\"><div class=\"mgt-promo-block-wrapper  mgt-promo-block-shadow\"><div  class=\" mgt-promo-block animated white-text cover-image darken mgt-promo-block-7731196695\" data-style=\"background-color: #f5f5f5;background-image: url(https:\/\/bwp.lt\/wp-content\/uploads\/2019\/09\/KVH-1.png);background-repeat: no-repeat;height: 200px;\"><a class=\"mgt-promo-block-link\" href=\"https:\/\/bwp.lt\/lt\/statyboms\/klijuotos-sijos-kvh\/\"><div class=\"mgt-promo-block-content va-middle\"><div class=\"mgt-promo-block-content-inside\">\n<h1 style=\"text-align: center;\">Klijuotos sijos KVH<\/h1>\n<\/div><\/div><\/a><\/div><\/div><\/div>[\/vc_column][\/vc_row][vc_row][vc_column width=&#8221;1\/2&#8243;][vc_empty_space height=&#8221;25px&#8221;]<style scoped='scoped'>.mgt-promo-block-1333058674.mgt-promo-block.darken .mgt-promo-block-content {background-color: rgba(0,0,0,0.15)!important;}.mgt-promo-block-1333058674.mgt-promo-block.animated:hover .mgt-promo-block-content {background-color: rgba(10,10,10,0.35)!important;}<\/style><div class=\"mgt-promo-block-container wpb_content_element\"><div class=\"mgt-promo-block-wrapper  mgt-promo-block-shadow\"><div  class=\" mgt-promo-block animated white-text cover-image darken mgt-promo-block-1333058674\" data-style=\"background-color: #f5f5f5;background-image: url(https:\/\/bwp.lt\/wp-content\/uploads\/2019\/09\/LVL-LITHUANIA-LVL-BEAM-LVL-BALTIC-STATES-LVL-PRODUCTION-LVL-FOR-CONSTRUCTION-BEAM-LVL.jpeg);background-repeat: no-repeat;height: 425px;\"><a class=\"mgt-promo-block-link\" href=\"https:\/\/bwp.lt\/lt\/statyboms\/lvl\/\"><div class=\"mgt-promo-block-content va-middle\"><div class=\"mgt-promo-block-content-inside\">\n<h1 style=\"text-align: center;\">LVL<\/h1>\n<\/div><\/div><\/a><\/div><\/div><\/div>[\/vc_column][vc_column width=&#8221;1\/2&#8243;][vc_empty_space height=&#8221;25px&#8221;]<style scoped='scoped'>.mgt-promo-block-428138338.mgt-promo-block.darken .mgt-promo-block-content {background-color: rgba(0,0,0,0.15)!important;}.mgt-promo-block-428138338.mgt-promo-block.animated:hover .mgt-promo-block-content {background-color: rgba(0,0,0,0.35)!important;}<\/style><div class=\"mgt-promo-block-container wpb_content_element\"><div class=\"mgt-promo-block-wrapper  mgt-promo-block-shadow\"><div  class=\" mgt-promo-block animated white-text cover-image darken mgt-promo-block-428138338\" data-style=\"background-color: #f5f5f5;background-image: url(https:\/\/bwp.lt\/wp-content\/uploads\/2019\/09\/Glulam-DUO-TRIO-BSH-GLULAM-BALTIC-STATES-GLULAM-PRODUCTION-GLULAM-FOR-CONSTRUCTION-GLULAM-DUO-EXPORT-1.jpeg);background-repeat: no-repeat;height: 200px;\"><a class=\"mgt-promo-block-link\" href=\"https:\/\/bwp.lt\/lt\/statyboms\/klijuotos-sijos-duo-trio\/\"><div class=\"mgt-promo-block-content va-middle\"><div class=\"mgt-promo-block-content-inside\">\n<h1 style=\"text-align: center;\">Klijuotos sijos DUO\/TRIO<\/h1>\n<\/div><\/div><\/a><\/div><\/div><\/div>[vc_empty_space height=&#8221;25px&#8221;]<style scoped='scoped'>.mgt-promo-block-2438260881.mgt-promo-block.darken .mgt-promo-block-content {background-color: rgba(0,0,0,0.15)!important;}.mgt-promo-block-2438260881.mgt-promo-block.animated:hover .mgt-promo-block-content {background-color: rgba(0,0,0,0.35)!important;}<\/style><div class=\"mgt-promo-block-container wpb_content_element\"><div class=\"mgt-promo-block-wrapper  mgt-promo-block-shadow\"><div  class=\" mgt-promo-block animated white-text cover-image darken mgt-promo-block-2438260881\" data-style=\"background-color: #f5f5f5;background-image: url(https:\/\/bwp.lt\/wp-content\/uploads\/2019\/09\/i-joist-export-trade-i-joist-for-construction.jpeg);background-repeat: no-repeat;height: 200px;\"><a class=\"mgt-promo-block-link\" href=\"https:\/\/bwp.lt\/lt\/statyboms\/dvitejos-sijos\/\"><div class=\"mgt-promo-block-content va-middle\"><div class=\"mgt-promo-block-content-inside\">\n<h1 style=\"text-align: center;\">Dvit\u0117jos sijos<\/h1>\n<\/div><\/div><\/a><\/div><\/div><\/div>[\/vc_column][\/vc_row][vc_row][vc_column][vc_empty_space height=&#8221;25px&#8221;]<style scoped='scoped'>.mgt-promo-block-2338531996.mgt-promo-block.darken .mgt-promo-block-content {background-color: rgba(0,0,0,0.15)!important;}.mgt-promo-block-2338531996.mgt-promo-block.animated:hover .mgt-promo-block-content {background-color: rgba(0,0,0,0.35)!important;}<\/style><div class=\"mgt-promo-block-container wpb_content_element\"><div class=\"mgt-promo-block-wrapper  mgt-promo-block-shadow\"><div  class=\" mgt-promo-block animated white-text cover-image darken mgt-promo-block-2338531996\" data-style=\"background-color: #f5f5f5;background-image: url(https:\/\/bwp.lt\/wp-content\/uploads\/2019\/09\/OSB-Lithuania-production-export-trade-OSB-baltic-states-1-1.jpeg);background-repeat: no-repeat;height: 300px;\"><a class=\"mgt-promo-block-link\" href=\"https:\/\/bwp.lt\/lt\/statyboms\/osb\/\"><div class=\"mgt-promo-block-content va-middle\"><div class=\"mgt-promo-block-content-inside\">\n<h1 style=\"text-align: center;\">OSB<\/h1>\n<\/div><\/div><\/a><\/div><\/div><\/div>[vc_empty_space height=&#8221;30px&#8221;][\/vc_column][\/vc_row][vc_row][vc_column]<style scoped='scoped'>.mgt-promo-block-8278735507.mgt-promo-block.darken .mgt-promo-block-content {background-color: rgba(0,0,0,0.15)!important;}.mgt-promo-block-8278735507.mgt-promo-block.animated:hover .mgt-promo-block-content {background-color: rgba(10,10,10,0.35)!important;}<\/style><div class=\"mgt-promo-block-container wpb_content_element\"><div class=\"mgt-promo-block-wrapper  mgt-promo-block-shadow\"><div  class=\" mgt-promo-block animated white-text cover-image darken mgt-promo-block-8278735507\" data-style=\"background-color: #f5f5f5;background-image: url(https:\/\/bwp.lt\/wp-content\/uploads\/2019\/09\/C24-1.jpeg);background-repeat: no-repeat;height: 300px;\"><a class=\"mgt-promo-block-link\" href=\"https:\/\/bwp.lt\/lt\/statyboms\/obliuota-kalibruota-mediena\/\"><div class=\"mgt-promo-block-content va-middle\"><div class=\"mgt-promo-block-content-inside\">\n<h1 style=\"text-align: center;\">Kalibruota mediena<\/h1>\n<\/div><\/div><\/a><\/div><\/div><\/div>[\/vc_column][\/vc_row]<\/p>\n","protected":false},"excerpt":{"rendered":"<p>[vc_row full_width=&#8221;stretch_row_content_no_spaces&#8221; css=&#8221;.vc_custom_1567863144219{margin-bottom: 40px !important;background-color: #f5f5f5 !important;}&#8221;][vc_column][vc_empty_space height=&#8221;30px&#8221;][\/vc_column][\/vc_row][vc_row][vc_column width=&#8221;1\/2&#8243;][\/vc_column][vc_column width=&#8221;1\/2&#8243;][vc_empty_space height=&#8221;25px&#8221;][\/vc_column][\/vc_row][vc_row][vc_column width=&#8221;1\/2&#8243;][vc_empty_space height=&#8221;25px&#8221;][\/vc_column][vc_column width=&#8221;1\/2&#8243;][vc_empty_space height=&#8221;25px&#8221;][vc_empty_space height=&#8221;25px&#8221;][\/vc_column][\/vc_row][vc_row][vc_column][vc_empty_space height=&#8221;25px&#8221;][vc_empty_space height=&#8221;30px&#8221;][\/vc_column][\/vc_row][vc_row][vc_column][\/vc_column][\/vc_row]<\/p>\n","protected":false},"author":1,"featured_media":0,"parent":0,"menu_order":0,"comment_status":"closed","ping_status":"closed","template":"","meta":{"_exactmetrics_skip_tracking":false,"_exactmetrics_sitenote_active":false,"_exactmetrics_sitenote_note":"","_exactmetrics_sitenote_category":0},"_links":{"self":[{"href":"https:\/\/bwp.lt\/lt\/wp-json\/wp\/v2\/pages\/4800"}],"collection":[{"href":"https:\/\/bwp.lt\/lt\/wp-json\/wp\/v2\/pages"}],"about":[{"href":"https:\/\/bwp.lt\/lt\/wp-json\/wp\/v2\/types\/page"}],"author":[{"embeddable":true,"href":"https:\/\/bwp.lt\/lt\/wp-json\/wp\/v2\/users\/1"}],"replies":[{"embeddable":true,"href":"https:\/\/bwp.lt\/lt\/wp-json\/wp\/v2\/comments?post=4800"}],"version-history":[{"count":18,"href":"https:\/\/bwp.lt\/lt\/wp-json\/wp\/v2\/pages\/4800\/revisions"}],"predecessor-version":[{"id":7252,"href":"https:\/\/bwp.lt\/lt\/wp-json\/wp\/v2\/pages\/4800\/revisions\/7252"}],"wp:attachment":[{"href":"https:\/\/bwp.lt\/lt\/wp-json\/wp\/v2\/media?parent=4800"}],"curies":[{"name":"wp","href":"https:\/\/api.w.org\/{rel}","templated":true}]}}