{"id":4798,"date":"2019-09-05T18:29:44","date_gmt":"2019-09-05T18:29:44","guid":{"rendered":"https:\/\/bwp.lt\/?page_id=4798"},"modified":"2021-09-24T12:43:35","modified_gmt":"2021-09-24T12:43:35","slug":"gamybai","status":"publish","type":"page","link":"https:\/\/bwp.lt\/lt\/gamybai\/","title":{"rendered":"GAMYBAI"},"content":{"rendered":"<p>[vc_row full_width=&#8221;stretch_row_content_no_spaces&#8221; css=&#8221;.vc_custom_1567863144219{margin-bottom: 40px !important;background-color: #f5f5f5 !important;}&#8221;][vc_column][vc_empty_space height=&#8221;30px&#8221;][\/vc_column][\/vc_row][vc_row][vc_column width=&#8221;1\/2&#8243;]<style scoped='scoped'>.mgt-promo-block-6932181239.mgt-promo-block.darken .mgt-promo-block-content {background-color: rgba(0,0,0,0.15)!important;}.mgt-promo-block-6932181239.mgt-promo-block.animated:hover .mgt-promo-block-content {background-color: rgba(10,10,10,0.35)!important;}<\/style><div class=\"mgt-promo-block-container wpb_content_element\"><div class=\"mgt-promo-block-wrapper  mgt-promo-block-shadow\"><div  class=\" mgt-promo-block animated white-text cover-image darken mgt-promo-block-6932181239\" data-style=\"background-color: #f5f5f5;background-image: url(https:\/\/bwp.lt\/wp-content\/uploads\/2019\/09\/BWP-.jpg);background-repeat: no-repeat;height: 425px;\"><a class=\"mgt-promo-block-link\" href=\"https:\/\/bwp.lt\/lt\/gamybai\/dvigubo-pjovimo-mediena\/\"><div class=\"mgt-promo-block-content va-middle\"><div class=\"mgt-promo-block-content-inside\">\n<h1 style=\"text-align: center;\">Dvigubo pjovimo mediena<\/h1>\n<\/div><\/div><\/a><\/div><\/div><\/div>[\/vc_column][vc_column width=&#8221;1\/2&#8243;]<style scoped='scoped'>.mgt-promo-block-324996324.mgt-promo-block.darken .mgt-promo-block-content {background-color: rgba(0,0,0,0.15)!important;}.mgt-promo-block-324996324.mgt-promo-block.animated:hover .mgt-promo-block-content {background-color: rgba(10,10,10,0.35)!important;}<\/style><div class=\"mgt-promo-block-container wpb_content_element\"><div class=\"mgt-promo-block-wrapper  mgt-promo-block-shadow\"><div  class=\" mgt-promo-block animated white-text cover-image darken mgt-promo-block-324996324\" data-style=\"background-color: #f5f5f5;background-image: url(https:\/\/bwp.lt\/wp-content\/uploads\/2019\/09\/DSC_8835_-1024x683.jpg);background-repeat: no-repeat;height: 425px;\"><a class=\"mgt-promo-block-link\" href=\"https:\/\/bwp.lt\/lt\/gamybai\/tarine-mediena\/\"><div class=\"mgt-promo-block-content va-middle\"><div class=\"mgt-promo-block-content-inside\">\n<h1 style=\"text-align: center;\">Tarin\u0117 mediena<\/h1>\n<\/div><\/div><\/a><\/div><\/div><\/div>[\/vc_column][\/vc_row][vc_row][vc_column][vc_empty_space height=&#8221;25px&#8221;]<style scoped='scoped'>.mgt-promo-block-3668188467.mgt-promo-block.darken .mgt-promo-block-content {background-color: rgba(0,0,0,0.15)!important;}.mgt-promo-block-3668188467.mgt-promo-block.animated:hover .mgt-promo-block-content {background-color: rgba(0,0,0,0.35)!important;}<\/style><div class=\"mgt-promo-block-container wpb_content_element\"><div class=\"mgt-promo-block-wrapper  mgt-promo-block-shadow\"><div  class=\" mgt-promo-block animated white-text cover-image darken mgt-promo-block-3668188467\" data-style=\"background-color: #f5f5f5;background-image: url(https:\/\/bwp.lt\/wp-content\/uploads\/2019\/09\/Kartanopylvas-sivu.jpeg);background-repeat: no-repeat;height: 300px;\"><a class=\"mgt-promo-block-link\" href=\"https:\/\/bwp.lt\/pjautine-mediena\/kuolai-ir-stulpai\/\"><div class=\"mgt-promo-block-content va-middle\"><div class=\"mgt-promo-block-content-inside\">\n<h1 style=\"text-align: center;\">Kuolai ir stulpai<\/h1>\n<\/div><\/div><\/a><\/div><\/div><\/div>[vc_empty_space height=&#8221;25px&#8221;]<style scoped='scoped'>.mgt-promo-block-958325844.mgt-promo-block.darken .mgt-promo-block-content {background-color: rgba(0,0,0,0.15)!important;}.mgt-promo-block-958325844.mgt-promo-block.animated:hover .mgt-promo-block-content {background-color: rgba(0,0,0,0.35)!important;}<\/style><div class=\"mgt-promo-block-container wpb_content_element\"><div class=\"mgt-promo-block-wrapper  mgt-promo-block-shadow\"><div  class=\" mgt-promo-block animated white-text cover-image darken mgt-promo-block-958325844\" data-style=\"background-color: #f5f5f5;background-image: url(https:\/\/bwp.lt\/wp-content\/uploads\/2019\/09\/carrelet-chene-dkd-rabote.jpg);background-repeat: no-repeat;height: 300px;\"><a class=\"mgt-promo-block-link\" href=\"https:\/\/bwp.lt\/lt\/gamybai\/langu-duru-tasas\/\"><div class=\"mgt-promo-block-content va-middle\"><div class=\"mgt-promo-block-content-inside\">\n<h1 style=\"text-align: center;\">Lang\u0173, dur\u0173 ta\u0161as<\/h1>\n<\/div><\/div><\/a><\/div><\/div><\/div>[\/vc_column][\/vc_row][vc_row][vc_column][\/vc_column][\/vc_row]<\/p>\n","protected":false},"excerpt":{"rendered":"<p>[vc_row full_width=&#8221;stretch_row_content_no_spaces&#8221; css=&#8221;.vc_custom_1567863144219{margin-bottom: 40px !important;background-color: #f5f5f5 !important;}&#8221;][vc_column][vc_empty_space height=&#8221;30px&#8221;][\/vc_column][\/vc_row][vc_row][vc_column width=&#8221;1\/2&#8243;][\/vc_column][vc_column width=&#8221;1\/2&#8243;][\/vc_column][\/vc_row][vc_row][vc_column][vc_empty_space height=&#8221;25px&#8221;][vc_empty_space height=&#8221;25px&#8221;][\/vc_column][\/vc_row][vc_row][vc_column][\/vc_column][\/vc_row]<\/p>\n","protected":false},"author":1,"featured_media":0,"parent":0,"menu_order":0,"comment_status":"closed","ping_status":"closed","template":"","meta":{"_exactmetrics_skip_tracking":false,"_exactmetrics_sitenote_active":false,"_exactmetrics_sitenote_note":"","_exactmetrics_sitenote_category":0},"_links":{"self":[{"href":"https:\/\/bwp.lt\/lt\/wp-json\/wp\/v2\/pages\/4798"}],"collection":[{"href":"https:\/\/bwp.lt\/lt\/wp-json\/wp\/v2\/pages"}],"about":[{"href":"https:\/\/bwp.lt\/lt\/wp-json\/wp\/v2\/types\/page"}],"author":[{"embeddable":true,"href":"https:\/\/bwp.lt\/lt\/wp-json\/wp\/v2\/users\/1"}],"replies":[{"embeddable":true,"href":"https:\/\/bwp.lt\/lt\/wp-json\/wp\/v2\/comments?post=4798"}],"version-history":[{"count":16,"href":"https:\/\/bwp.lt\/lt\/wp-json\/wp\/v2\/pages\/4798\/revisions"}],"predecessor-version":[{"id":7229,"href":"https:\/\/bwp.lt\/lt\/wp-json\/wp\/v2\/pages\/4798\/revisions\/7229"}],"wp:attachment":[{"href":"https:\/\/bwp.lt\/lt\/wp-json\/wp\/v2\/media?parent=4798"}],"curies":[{"name":"wp","href":"https:\/\/api.w.org\/{rel}","templated":true}]}}