{"id":19,"date":"2017-02-15T14:45:06","date_gmt":"2017-02-15T14:45:06","guid":{"rendered":"http:\/\/wp.magnium-themes.com\/barrel\/barrel-1\/?page_id=19"},"modified":"2022-02-21T14:59:18","modified_gmt":"2022-02-21T14:59:18","slug":"homepage","status":"publish","type":"page","link":"https:\/\/bwp.lt\/lt\/","title":{"rendered":"Pagrindinis"},"content":{"rendered":"<p>[vc_row full_width=&#8221;stretch_row_content_no_spaces&#8221;][vc_column][rev_slider_vc alias=&#8221;home-v1-slider&#8221;][\/vc_column][\/vc_row][vc_row full_width=&#8221;stretch_row&#8221; css_animation=&#8221;none&#8221; css=&#8221;.vc_custom_1567697032507{background: rgba(10,3,0,0.73) url(https:\/\/bwp.lt\/wp-content\/uploads\/2017\/02\/footer-image-back.jpg?id=4521) !important;background-position: 0 0 !important;background-repeat: repeat !important;*background-color: rgb(10,3,0) !important;}&#8221;][vc_column]<div  class=\" mgt-cta-block clearfix white-text with-text no-side-paddings wpb_content_element\" data-style=\"background-color: ;\"><div class=\"mgt-cta-content-wrapper\"><h5 class=\"mgt-cta-block-header\"><\/h5><div class=\"mgt-cta-block-content\"><span style=\"color: #ffffff\">Mes prisidedame prie ekosistemos i\u0161saugojimo bei geresni\u0173 s\u0105lyg\u0173 jose gyvenantiems \u017emon\u0117ms, tod\u0117l visi m\u016bs\u0173 si\u016blomi gaminiai yra sertifikuoti FSC\u2122 C148509 sertifikatu.<\/span><\/div><\/div><div class=\"mgt-button-wrapper mgt-button-wrapper-align-right mgt-button-wrapper-display-newline mgt-button-top-margin-false mgt-button-right-margin-false mgt-button-round-edges-small \"><a class=\"btn hvr-float mgt-button-icon-true mgt-button mgt-style-solid mgt-size-small mgt-align-right mgt-display-newline mgt-text-size-normal mgt-button-icon-separator- mgt-button-icon-position-right text-font-weight-default mgt-text-transform-none mgt-button-7782074174\" href=\"http:\/\/bwp.lt\/sertifikatai\/\">Per\u017ei\u016br\u0117ti<i class=\"entypo-icon entypo-icon-right-open\"><\/i><\/a><\/div><style scoped='scoped'>.mgt-button-7782074174.mgt-button {background: -moz-linear-gradient(left,#84bc8e 0%, #76cfae 100%)!important;background: -webkit-linear-gradient(left,#84bc8e 0%, #76cfae 100%)!important;background: linear-gradient(to right,#84bc8e 0%, #76cfae 100%)!important;filter: progid:DXImageTransform.Microsoft.gradient( startColorstr='#84bc8e', endColorstr='#76cfae',GradientType=1 )!important;background-color: #84bc8e!important;} .mgt-button-7782074174.mgt-button:before {background: #84bc8e!important;}.mgt-button-7782074174.mgt-button.mgt-style-solid:before {background: !important;}.mgt-button-7782074174.mgt-button.hvr-sweep-to-right:hover,.mgt-button-7782074174.mgt-button.hvr-sweep-to-left:hover,.mgt-button-7782074174.mgt-button.hvr-sweep-to-bottom:hover,.mgt-button-7782074174.mgt-button.hvr-sweep-to-top:hover,.mgt-button-7782074174.mgt-button.hvr-bounce-to-right:hover,.mgt-button-7782074174.mgt-button.hvr-bounce-to-left:hover,.mgt-button-7782074174.mgt-button.hvr-bounce-to-bottom:hover,.mgt-button-7782074174.mgt-button.hvr-bounce-to-top:hover {background: #84bc8e!important;}.mgt-button-7782074174.mgt-button.mgt-style-solid-invert.hvr-sweep-to-right:hover,.mgt-button-7782074174.mgt-button.mgt-style-solid-invert.hvr-sweep-to-left:hover,.mgt-button-7782074174.mgt-button.mgt-style-solid-invert.hvr-sweep-to-bottom:hover,.mgt-button-7782074174.mgt-button.mgt-style-solid-invert.hvr-sweep-to-top:hover,.mgt-button-7782074174.mgt-button.mgt-style-solid-invert.hvr-bounce-to-right:hover,.mgt-button-7782074174.mgt-button.mgt-style-solid-invert.hvr-bounce-to-left:hover,.mgt-button-7782074174.mgt-button.mgt-style-solid-invert.hvr-bounce-to-bottom:hover,.mgt-button-7782074174.mgt-button.mgt-style-solid-invert.hvr-bounce-to-top:hover {background: !important;}.mgt-button-7782074174.mgt-button.mgt-style-borderedblack:before {background: !important;}<\/style><\/div>[\/vc_column][\/vc_row][vc_row full_width=&#8221;stretch_row_content_no_spaces&#8221;][vc_column width=&#8221;1\/2&#8243;]<style scoped='scoped'>.mgt-promo-block-6584098101.mgt-promo-block.darken .mgt-promo-block-content {background-color: rgba(0,0,0,0.15)!important;}.mgt-promo-block-6584098101.mgt-promo-block.animated:hover .mgt-promo-block-content {background-color: rgba(10,10,10,0.35)!important;}<\/style><div class=\"mgt-promo-block-container wpb_content_element\"><div class=\"mgt-promo-block-wrapper  mgt-promo-block-shadow\"><div  class=\" mgt-promo-block animated white-text cover-image darken mgt-promo-block-6584098101\" data-style=\"background-color: #f5f5f5;background-image: url(https:\/\/bwp.lt\/wp-content\/uploads\/2017\/02\/9.jpg);background-repeat: no-repeat;height: 300px;\"><a class=\"mgt-promo-block-link\" href=\"https:\/\/bwp.lt\/pjautine-mediena\/\"><div class=\"mgt-promo-block-content va-middle\"><div class=\"mgt-promo-block-content-inside\">\n<h1 style=\"text-align: center;\">Mediena gamybai<\/h1>\n<\/div><\/div><\/a><\/div><\/div><\/div><style scoped='scoped'>.mgt-promo-block-9295859214.mgt-promo-block.darken .mgt-promo-block-content {background-color: rgba(0,0,0,0.15)!important;}.mgt-promo-block-9295859214.mgt-promo-block.animated:hover .mgt-promo-block-content {background-color: rgba(0,0,0,0.35)!important;}<\/style><div class=\"mgt-promo-block-container wpb_content_element\"><div class=\"mgt-promo-block-wrapper  mgt-promo-block-shadow\"><div  class=\" mgt-promo-block animated white-text cover-image darken mgt-promo-block-9295859214\" data-style=\"background-color: #f5f5f5;background-image: url(https:\/\/bwp.lt\/wp-content\/uploads\/2019\/09\/GLUED-PANEL-FSC.jpg);background-repeat: no-repeat;height: 300px;\"><a class=\"mgt-promo-block-link\" href=\"https:\/\/bwp.lt\/klijuota-mediena\/\"><div class=\"mgt-promo-block-content va-middle\"><div class=\"mgt-promo-block-content-inside\">\n<h1 style=\"text-align: center;\">Mediena baldams<\/h1>\n<\/div><\/div><\/a><\/div><\/div><\/div>[\/vc_column][vc_column width=&#8221;1\/2&#8243;]<style scoped='scoped'>.mgt-promo-block-6036704088.mgt-promo-block.darken .mgt-promo-block-content {background-color: rgba(0,0,0,0.15)!important;}.mgt-promo-block-6036704088.mgt-promo-block.animated:hover .mgt-promo-block-content {background-color: rgba(0,0,0,0.35)!important;}<\/style><div class=\"mgt-promo-block-container wpb_content_element\"><div class=\"mgt-promo-block-wrapper  mgt-promo-block-shadow\"><div  class=\" mgt-promo-block animated white-text cover-image darken mgt-promo-block-6036704088\" data-style=\"background-color: #f5f5f5;background-image: url(https:\/\/bwp.lt\/wp-content\/uploads\/2017\/02\/Wood-for-construction-Lithuania.jpg);background-repeat: no-repeat;height: 300px;\"><a class=\"mgt-promo-block-link\" href=\"https:\/\/bwp.lt\/obliuota-mediena\/\"><div class=\"mgt-promo-block-content va-middle\"><div class=\"mgt-promo-block-content-inside\">\n<h1 style=\"text-align: center;\">Mediena statyboms<\/h1>\n<\/div><\/div><\/a><\/div><\/div><\/div><style scoped='scoped'>.mgt-promo-block-5321156862.mgt-promo-block.darken .mgt-promo-block-content {background-color: rgba(0,0,0,0.15)!important;}.mgt-promo-block-5321156862.mgt-promo-block.animated:hover .mgt-promo-block-content {background-color: rgba(0,0,0,0.35)!important;}<\/style><div class=\"mgt-promo-block-container wpb_content_element\"><div class=\"mgt-promo-block-wrapper  mgt-promo-block-shadow\"><div  class=\" mgt-promo-block animated white-text cover-image darken mgt-promo-block-5321156862\" data-style=\"background-color: #f5f5f5;background-image: url(https:\/\/bwp.lt\/wp-content\/uploads\/2017\/02\/3cdf122d774f1c4c9e189a5c5de7b9b0.jpeg);background-repeat: no-repeat;height: 300px;\"><a class=\"mgt-promo-block-link\" href=\"https:\/\/bwp.lt\/medienos-plokstes\/\"><div class=\"mgt-promo-block-content va-middle\"><div class=\"mgt-promo-block-content-inside\">\n<h1 style=\"text-align: center;\">Mediena interjerui ir eksterjerui<\/h1>\n<\/div><\/div><\/a><\/div><\/div><\/div>[\/vc_column][\/vc_row]<\/p>\n","protected":false},"excerpt":{"rendered":"<p>[vc_row full_width=&#8221;stretch_row_content_no_spaces&#8221;][vc_column][rev_slider_vc alias=&#8221;home-v1-slider&#8221;][\/vc_column][\/vc_row][vc_row full_width=&#8221;stretch_row&#8221; css_animation=&#8221;none&#8221; css=&#8221;.vc_custom_1567697032507{background: rgba(10,3,0,0.73) url(https:\/\/bwp.lt\/wp-content\/uploads\/2017\/02\/footer-image-back.jpg?id=4521) !important;background-position: 0 0 !important;background-repeat: repeat !important;*background-color: rgb(10,3,0) !important;}&#8221;][vc_column][\/vc_column][\/vc_row][vc_row full_width=&#8221;stretch_row_content_no_spaces&#8221;][vc_column width=&#8221;1\/2&#8243;][\/vc_column][vc_column width=&#8221;1\/2&#8243;][\/vc_column][\/vc_row]<\/p>\n","protected":false},"author":1,"featured_media":0,"parent":0,"menu_order":0,"comment_status":"closed","ping_status":"closed","template":"","meta":{"_exactmetrics_skip_tracking":false,"_exactmetrics_sitenote_active":false,"_exactmetrics_sitenote_note":"","_exactmetrics_sitenote_category":0},"_links":{"self":[{"href":"https:\/\/bwp.lt\/lt\/wp-json\/wp\/v2\/pages\/19"}],"collection":[{"href":"https:\/\/bwp.lt\/lt\/wp-json\/wp\/v2\/pages"}],"about":[{"href":"https:\/\/bwp.lt\/lt\/wp-json\/wp\/v2\/types\/page"}],"author":[{"embeddable":true,"href":"https:\/\/bwp.lt\/lt\/wp-json\/wp\/v2\/users\/1"}],"replies":[{"embeddable":true,"href":"https:\/\/bwp.lt\/lt\/wp-json\/wp\/v2\/comments?post=19"}],"version-history":[{"count":96,"href":"https:\/\/bwp.lt\/lt\/wp-json\/wp\/v2\/pages\/19\/revisions"}],"predecessor-version":[{"id":7369,"href":"https:\/\/bwp.lt\/lt\/wp-json\/wp\/v2\/pages\/19\/revisions\/7369"}],"wp:attachment":[{"href":"https:\/\/bwp.lt\/lt\/wp-json\/wp\/v2\/media?parent=19"}],"curies":[{"name":"wp","href":"https:\/\/api.w.org\/{rel}","templated":true}]}}